{"id":8060,"date":"2017-08-14T15:17:58","date_gmt":"2017-08-14T20:17:58","guid":{"rendered":"https:\/\/periodico.hidalgo.gob.mx\/?page_id=8060"},"modified":"2017-08-14T15:17:58","modified_gmt":"2017-08-14T20:17:58","slug":"marco-juridico","status":"publish","type":"page","link":"https:\/\/periodico.hidalgo.gob.mx\/?page_id=8060","title":{"rendered":"Marco Jur\u00eddico"},"content":{"rendered":"<hr \/>\n<p>Ordenamientos Jur\u00eddicos que norman la operaci\u00f3n de la Direcci\u00f3n del Peri\u00f3dico Oficial del Estado de Hidalgo<\/p>\n\n<table id=\"tablepress-12\" class=\"tablepress tablepress-id-12\">\n<thead>\n<tr class=\"row-1\">\n\t<th class=\"column-1\">Normatividad<\/th><th class=\"column-2\">Art\u00edculo<\/th>\n<\/tr>\n<\/thead>\n<tbody class=\"row-striping row-hover\">\n<tr class=\"row-2\">\n\t<td class=\"column-1\"><a href=\"http:\/\/www.ordenjuridico.gob.mx\/constitucion.php\" rel=\"noopener\" target=\"_blank\">Constituci\u00f3n Pol\u00edtica de los Estados Unidos Mexicanos<\/a><\/td><td class=\"column-2\"><a href=\"https:\/\/www.diputados.gob.mx\/LeyesBiblio\/pdf\/CPEUM.pdf#page=128\" rel=\"noopener\" target=\"_blank\">Art\u00edculo 120<\/a><\/td>\n<\/tr>\n<tr class=\"row-3\">\n\t<td class=\"column-1\"><a href=\"https:\/\/www.congreso-hidalgo.gob.mx\/biblioteca_legislativa\/leyes_cintillo\/Constitucion%20Politica%20del%20Estado%20de%20Hidalgo.pdf\" rel=\"noopener\" target=\"_blank\">Constituci\u00f3n Pol\u00edtica del Estado de Hidalgo<\/a><\/td><td class=\"column-2\"><a href=\"http:\/\/www.congreso-hidalgo.gob.mx\/biblioteca_legislativa\/leyes_cintillo\/Constitucion%20Politica%20del%20Estado%20de%20Hidalgo.pdf#page=33\" rel=\"noopener\" target=\"_blank\">Art\u00edculo 71 Fracci\u00f3n I<\/a><\/td>\n<\/tr>\n<tr class=\"row-4\">\n\t<td class=\"column-1\"><a href=\"https:\/\/periodico.hidalgo.gob.mx\/?tribe_events=Periodico-Oficial-Alcance-41-del-01-de-enero-de-2023\" rel=\"noopener\" target=\"_blank\">Plan Estatal de Desarrollo 2022 - 2028<\/a><\/td><td class=\"column-2\"><\/td>\n<\/tr>\n<tr class=\"row-5\">\n\t<td class=\"column-1\"><a href=\"https:\/\/periodico.hidalgo.gob.mx\/?tribe_events=Periodico-Oficial-Alcance-3-del-31-de-marzo-de-2023\" rel=\"noopener\" target=\"_blank\">Ley Org\u00e1nica de la Administraci\u00f3n P\u00fablica para el Estado de Hidalgo <\/a><\/td><td class=\"column-2\">Art\u00edculo 28 Fracci\u00f3n XXVI<\/td>\n<\/tr>\n<tr class=\"row-6\">\n\t<td class=\"column-1\"><a href=\"https:\/\/periodico.hidalgo.gob.mx\/?tribe_events=periodico-oficial-alcance-7-del-28-de-julio-de-2023\">Reglamento Interior de la Secretar\u00eda de Gobierno<\/a><\/td><td class=\"column-2\"><a href=\"https:\/\/periodico.hidalgo.gob.mx\/?tribe_events=periodico-oficial-alcance-7-del-28-de-julio-de-2023\">Art\u00edculo 25 Fracci\u00f3n XXIII<\/a><\/td>\n<\/tr>\n<tr class=\"row-7\">\n\t<td class=\"column-1\"><a href=\"https:\/\/www.congreso-hidalgo.gob.mx\/biblioteca_legislativa\/leyes_cintillo\/Ley%20Estatal%20del%20Procedimiento%20Administrativo.pdf\">Ley Estatal de Procedimiento Administrativo para el Estado de Hidalgo<\/a><\/td><td class=\"column-2\"><\/td>\n<\/tr>\n<tr class=\"row-8\">\n\t<td class=\"column-1\"><a href=\"https:\/\/periodico.hidalgo.gob.mx\/?tribe_events=periodico-oficial-alcance-2-del-09-de-agosto-de-2022\">Estructura Org\u00e1nica de la Secretar\u00eda de Gobierno<\/a><\/td><td class=\"column-2\"><\/td>\n<\/tr>\n<tr class=\"row-9\">\n\t<td class=\"column-1\"><a href=\"https:\/\/periodico.hidalgo.gob.mx\/?tribe_events=periodico-oficial-alcance-2-del-09-de-agosto-de-2022\">Manual de Organizaci\u00f3n de la Secretar\u00eda de Gobierno<\/a><\/td><td class=\"column-2\"><\/td>\n<\/tr>\n<tr class=\"row-10\">\n\t<td class=\"column-1\"><a href=\"https:\/\/periodico.hidalgo.gob.mx\/?tribe_events=Periodico-Oficial-Alcance-0-del-08-de-agosto-de-2022\">Manual de Procedimientos de la Secretar\u00eda de Gobierno<\/a><\/td><td class=\"column-2\">P\u00e1gina 217<\/td>\n<\/tr>\n<tr class=\"row-11\">\n\t<td class=\"column-1\"><a href=\"https:\/\/periodico.hidalgo.gob.mx\/?page_id=7546\">Ley del Peri\u00f3dico Oficial del Estado de Hidalgo<\/a><\/td><td class=\"column-2\"><\/td>\n<\/tr>\n<tr class=\"row-12\">\n\t<td class=\"column-1\"><a href=\"https:\/\/periodico.hidalgo.gob.mx\/?page_id=7544\">Reglamento de la Ley del Peri\u00f3dico Oficial del Estado de Hidalgo<\/a><\/td><td class=\"column-2\"><\/td>\n<\/tr>\n<\/tbody>\n<\/table>\n<!-- #tablepress-12 from cache -->\n","protected":false},"excerpt":{"rendered":"<p>Ordenamientos Jur\u00eddicos que norman la operaci\u00f3n de la Direcci\u00f3n del Peri\u00f3dico Oficial del Estado de Hidalgo<\/p>\n","protected":false},"author":1,"featured_media":0,"parent":0,"menu_order":0,"comment_status":"closed","ping_status":"closed","template":"","meta":{"footnotes":""},"class_list":["post-8060","page","type-page","status-publish","hentry"],"_links":{"self":[{"href":"https:\/\/periodico.hidalgo.gob.mx\/index.php?rest_route=\/wp\/v2\/pages\/8060","targetHints":{"allow":["GET"]}}],"collection":[{"href":"https:\/\/periodico.hidalgo.gob.mx\/index.php?rest_route=\/wp\/v2\/pages"}],"about":[{"href":"https:\/\/periodico.hidalgo.gob.mx\/index.php?rest_route=\/wp\/v2\/types\/page"}],"author":[{"embeddable":true,"href":"https:\/\/periodico.hidalgo.gob.mx\/index.php?rest_route=\/wp\/v2\/users\/1"}],"replies":[{"embeddable":true,"href":"https:\/\/periodico.hidalgo.gob.mx\/index.php?rest_route=%2Fwp%2Fv2%2Fcomments&post=8060"}],"version-history":[{"count":0,"href":"https:\/\/periodico.hidalgo.gob.mx\/index.php?rest_route=\/wp\/v2\/pages\/8060\/revisions"}],"wp:attachment":[{"href":"https:\/\/periodico.hidalgo.gob.mx\/index.php?rest_route=%2Fwp%2Fv2%2Fmedia&parent=8060"}],"curies":[{"name":"wp","href":"https:\/\/api.w.org\/{rel}","templated":true}]}}