{"id":7802,"date":"2017-07-26T16:02:00","date_gmt":"2017-07-26T21:02:00","guid":{"rendered":"https:\/\/periodico.hidalgo.gob.mx\/?page_id=7802"},"modified":"2018-05-02T09:28:55","modified_gmt":"2018-05-02T14:28:55","slug":"repomex","status":"publish","type":"page","link":"https:\/\/periodico.hidalgo.gob.mx\/?page_id=7802","title":{"rendered":"REPOMEX"},"content":{"rendered":"<div id=\"pl-7802\"  class=\"panel-layout\" >\n<div id=\"pg-7802-0\"  class=\"panel-grid panel-no-style\" >\n<div id=\"pgc-7802-0-0\"  class=\"panel-grid-cell\"  data-weight=\"1\" >\n<div id=\"panel-7802-0-0-0\" class=\"so-panel widget widget_sow-image panel-first-child\" data-index=\"0\" data-style=\"{&quot;background_display&quot;:&quot;tile&quot;,&quot;iw-visible-screen&quot;:&quot;iw-all&quot;,&quot;iw-visible-layout&quot;:&quot;iw-all&quot;}\" >\n<div class=\"so-widget-sow-image so-widget-sow-image-default-eef982a7180b\">\n<div class=\"sow-image-container\">\n\t<img loading=\"lazy\" decoding=\"async\" src=\"https:\/\/periodico.hidalgo.gob.mx\/wp-content\/uploads\/2018\/01\/repomex_logo-1-e1525204390965.jpg\" width=\"45\" height=\"36\" sizes=\"auto, (max-width: 45px) 100vw, 45px\" title=\"repomex_logo-1\" \t\tclass=\"so-widget-image\"\/>\n<\/div>\n<\/div>\n<\/div>\n<div id=\"panel-7802-0-0-1\" class=\"so-panel widget widget_sow-editor\" data-index=\"1\" data-style=\"{&quot;background_display&quot;:&quot;tile&quot;,&quot;iw-visible-screen&quot;:&quot;iw-all&quot;,&quot;iw-visible-layout&quot;:&quot;iw-all&quot;}\" >\n<div class=\"so-widget-sow-editor so-widget-sow-editor-base\">\n<div class=\"siteorigin-widget-tinymce textwidget\">\n<p style=\"text-align: justify;\">La Red de Publicaciones Oficiales Mexicanas (REPOMEX) es un \u00f3rgano colegiado, constituido el 14 de marzo de 2012, a iniciativa del Director\u00a0General Adjunto del Diario Oficial de la Federaci\u00f3n y por acuerdo de la mayor\u00eda de las y los Directores de los Peri\u00f3dicos Oficiales de los Estados de la Rep\u00fablica Mexicana,\u00a0con la finalidad de unir esfuerzos con sus hom\u00f3logos en una instancia de cooperaci\u00f3n multilateral, sin fines de lucro, que promoviera el conocimiento de las disposiciones jur\u00eddicas difundidas en las publicaciones gubernamentales mexicanas.<\/p>\n<p><strong>Principales objetivos<\/strong><\/p>\n<ul>\n<li style=\"text-align: justify;\">Instalar un centro de asesor\u00eda y apoyo jur\u00eddico-administrativo donde converjan las experiencias de los directores de los peri\u00f3dicos oficiales para la publicaci\u00f3n y divulgaci\u00f3n de los \u00f3rganos de difusi\u00f3n gubernamental.<\/li>\n<li style=\"text-align: justify;\">Promover el intercambio de informaci\u00f3n, herramientas tecnol\u00f3gicas, mejora de procesos y experiencias con el prop\u00f3sito de lograr una difusi\u00f3n eficiente, oportuna y transparente de las publicaciones oficiales que conforman la Red.<\/li>\n<li style=\"text-align: justify;\">Fomentar la consulta, disposici\u00f3n y preservaci\u00f3n de las publicaciones oficiales.<\/li>\n<li style=\"text-align: justify;\">Conservar la consistencia y confiabilidad de la informaci\u00f3n difundida en las publicaciones gubernamentales.<\/li>\n<li style=\"text-align: justify;\">Colaborar en el establecimiento y provisi\u00f3n de un repositorio donde se concentren las publicaciones de los peri\u00f3dicos, gacetas, boletines y diarios oficiales federales, estatales y municipales.<\/li>\n<li style=\"text-align: justify;\">Celebrar, al menos una vez al a\u00f1o, una reuni\u00f3n de la REPOMEX, con el fin de establecer v\u00ednculos de colaboraci\u00f3n interinstitucional, cooperaci\u00f3n, innovaci\u00f3n y compromiso de servicio.<\/li>\n<\/ul>\n<p><strong>Se encuentra conformado por 5 Comit\u00e9s T\u00e9cnicos divididos por temas.<\/strong><\/p>\n<ul>\n<li>Comit\u00e9 de Dise\u00f1o Web y Seguridad Inform\u00e1tica.<\/li>\n<li>Comit\u00e9 de Archivo y Conservaci\u00f3n del Acervo Hemerogr\u00e1fico.<\/li>\n<li>Comit\u00e9 de Difusi\u00f3n y Lenguaje Ciudadano.<\/li>\n<li>Comit\u00e9 de Sistematizaci\u00f3n y Compilaci\u00f3n del Orden Jur\u00eddico Nacional.<\/li>\n<li>Comit\u00e9 de Asuntos Jur\u00eddicos y Normativos de la REPOMEX.<\/li>\n<\/ul>\n<\/div>\n<\/div>\n<\/div>\n<div id=\"panel-7802-0-0-2\" class=\"so-panel widget widget_sow-editor panel-last-child\" data-index=\"2\" data-style=\"{&quot;background_display&quot;:&quot;tile&quot;,&quot;iw-visible-screen&quot;:&quot;iw-all&quot;,&quot;iw-visible-layout&quot;:&quot;iw-all&quot;}\" >\n<div class=\"so-widget-sow-editor so-widget-sow-editor-base\">\n<div class=\"siteorigin-widget-tinymce textwidget\">\n<p style=\"text-align: justify;\">Desde su conformaci\u00f3n, los foros se han realizados en diferentes partes del pa\u00eds, conoce las sedes de dichos foros<\/p>\n<\/div>\n<\/div>\n<\/div>\n<\/div>\n<\/div>\n<div id=\"pg-7802-1\"  class=\"panel-grid panel-no-style\"  data-style=\"{&quot;background_display&quot;:&quot;tile&quot;,&quot;cell_alignment&quot;:&quot;flex-start&quot;,&quot;iw-visible-screen&quot;:&quot;iw-all&quot;,&quot;iw-visible-layout&quot;:&quot;iw-all&quot;}\" >\n<div id=\"pgc-7802-1-0\"  class=\"panel-grid-cell\"  data-weight=\"1\" >\n<div id=\"panel-7802-1-0-0\" class=\"so-panel widget widget_sow-button panel-first-child panel-last-child\" data-index=\"3\" data-style=\"{&quot;background_display&quot;:&quot;tile&quot;,&quot;iw-visible-screen&quot;:&quot;iw-all&quot;,&quot;iw-visible-layout&quot;:&quot;iw-all&quot;}\" >\n<div class=\"so-widget-sow-button so-widget-sow-button-atom-46cd4844c58d\">\n<div class=\"ow-button-base ow-button-align-center\">\n\t<a href=\"https:\/\/periodico.hidalgo.gob.mx\/?page_id=21143\" class=\" ow-button-hover\" ><br \/>\n\t\t<span><br \/>\n\t\t\t<span class=\"sow-icon-fontawesome\" data-sow-icon=\"&#xf19c;\" style=\"color: #ffffff\"><\/span><br \/>\n\t\t\tSedes\t\t<\/span><br \/>\n\t<\/a>\n<\/div>\n<\/div>\n<\/div>\n<\/div>\n<\/div>\n<div id=\"pg-7802-2\"  class=\"panel-grid panel-no-style\"  data-style=\"{&quot;background_image_attachment&quot;:false,&quot;background_display&quot;:&quot;tile&quot;,&quot;cell_alignment&quot;:&quot;flex-start&quot;,&quot;iw-visible-screen&quot;:&quot;iw-all&quot;,&quot;iw-visible-layout&quot;:&quot;iw-all&quot;}\" >\n<div id=\"pgc-7802-2-0\"  class=\"panel-grid-cell\"  data-weight=\"1\" >\n<div id=\"panel-7802-2-0-0\" class=\"so-panel widget widget_sow-editor panel-first-child panel-last-child\" data-index=\"4\" data-style=\"{&quot;background_image_attachment&quot;:false,&quot;background_display&quot;:&quot;tile&quot;,&quot;iw-visible-screen&quot;:&quot;iw-all&quot;,&quot;iw-visible-layout&quot;:&quot;iw-all&quot;}\" >\n<div class=\"so-widget-sow-editor so-widget-sow-editor-base\">\n<div class=\"siteorigin-widget-tinymce textwidget\">\n<p style=\"text-align: justify;\">Los peri\u00f3dico, gacetas y boletines oficiales los hemos dividido en 3 \u00edndoles, conocelos<\/p>\n<\/div>\n<\/div>\n<\/div>\n<\/div>\n<\/div>\n<div id=\"pg-7802-3\"  class=\"panel-grid panel-no-style\"  data-style=\"{&quot;background_display&quot;:&quot;tile&quot;,&quot;cell_alignment&quot;:&quot;flex-start&quot;,&quot;iw-visible-screen&quot;:&quot;iw-all&quot;,&quot;iw-visible-layout&quot;:&quot;iw-all&quot;}\" >\n<div id=\"pgc-7802-3-0\"  class=\"panel-grid-cell\"  data-weight=\"0.33333333333333\" >\n<div id=\"panel-7802-3-0-0\" class=\"so-panel widget widget_sow-button panel-first-child panel-last-child\" data-index=\"5\" data-style=\"{&quot;background_display&quot;:&quot;tile&quot;,&quot;iw-visible-screen&quot;:&quot;iw-all&quot;,&quot;iw-visible-layout&quot;:&quot;iw-all&quot;}\" >\n<div class=\"so-widget-sow-button so-widget-sow-button-atom-46cd4844c58d\">\n<div class=\"ow-button-base ow-button-align-center\">\n\t<a href=\"https:\/\/periodico.hidalgo.gob.mx\/?page_id=21148\" class=\" ow-button-hover\" ><br \/>\n\t\t<span><br \/>\n\t\t\t<span class=\"sow-icon-fontawesome\" data-sow-icon=\"&#xf233;\" ><\/span><br \/>\n\t\t\t\u00cdndole Federal\t\t<\/span><br \/>\n\t<\/a>\n<\/div>\n<\/div>\n<\/div>\n<\/div>\n<div id=\"pgc-7802-3-1\"  class=\"panel-grid-cell\"  data-weight=\"0.33333333333333\" >\n<div id=\"panel-7802-3-1-0\" class=\"so-panel widget widget_sow-button panel-first-child panel-last-child\" data-index=\"6\" data-style=\"{&quot;background_display&quot;:&quot;tile&quot;,&quot;iw-visible-screen&quot;:&quot;iw-all&quot;,&quot;iw-visible-layout&quot;:&quot;iw-all&quot;}\" >\n<div class=\"so-widget-sow-button so-widget-sow-button-atom-46cd4844c58d\">\n<div class=\"ow-button-base ow-button-align-center\">\n\t<a href=\"https:\/\/periodico.hidalgo.gob.mx\/?page_id=21150\" class=\" ow-button-hover\" ><br \/>\n\t\t<span><br \/>\n\t\t\t<span class=\"sow-icon-fontawesome\" data-sow-icon=\"&#xf233;\" ><\/span><br \/>\n\t\t\tIndole Estatal\t\t<\/span><br \/>\n\t<\/a>\n<\/div>\n<\/div>\n<\/div>\n<\/div>\n<div id=\"pgc-7802-3-2\"  class=\"panel-grid-cell\"  data-weight=\"0.33333333333333\" >\n<div id=\"panel-7802-3-2-0\" class=\"so-panel widget widget_sow-button panel-first-child panel-last-child\" data-index=\"7\" data-style=\"{&quot;background_display&quot;:&quot;tile&quot;,&quot;iw-visible-screen&quot;:&quot;iw-all&quot;,&quot;iw-visible-layout&quot;:&quot;iw-all&quot;}\" >\n<div class=\"so-widget-sow-button so-widget-sow-button-atom-46cd4844c58d\">\n<div class=\"ow-button-base ow-button-align-center\">\n\t<a href=\"https:\/\/periodico.hidalgo.gob.mx\/?page_id=21152\" class=\" ow-button-hover\" ><br \/>\n\t\t<span><br \/>\n\t\t\t<span class=\"sow-icon-fontawesome\" data-sow-icon=\"&#xf233;\" ><\/span><br \/>\n\t\t\t\u00cdndole Municipal\t\t<\/span><br \/>\n\t<\/a>\n<\/div>\n<\/div>\n<\/div>\n<\/div>\n<\/div>\n<\/div>\n","protected":false},"excerpt":{"rendered":"<p>La Red de Publicaciones Oficiales Mexicanas (REPOMEX) es un \u00f3rgano colegiado, constituido el 14 de marzo de 2012, a iniciativa del Director\u00a0General Adjunto del Diario Oficial de la Federaci\u00f3n y [&hellip;]<\/p>\n","protected":false},"author":1,"featured_media":0,"parent":0,"menu_order":0,"comment_status":"closed","ping_status":"closed","template":"","meta":{"footnotes":""},"class_list":["post-7802","page","type-page","status-publish","hentry"],"_links":{"self":[{"href":"https:\/\/periodico.hidalgo.gob.mx\/index.php?rest_route=\/wp\/v2\/pages\/7802","targetHints":{"allow":["GET"]}}],"collection":[{"href":"https:\/\/periodico.hidalgo.gob.mx\/index.php?rest_route=\/wp\/v2\/pages"}],"about":[{"href":"https:\/\/periodico.hidalgo.gob.mx\/index.php?rest_route=\/wp\/v2\/types\/page"}],"author":[{"embeddable":true,"href":"https:\/\/periodico.hidalgo.gob.mx\/index.php?rest_route=\/wp\/v2\/users\/1"}],"replies":[{"embeddable":true,"href":"https:\/\/periodico.hidalgo.gob.mx\/index.php?rest_route=%2Fwp%2Fv2%2Fcomments&post=7802"}],"version-history":[{"count":0,"href":"https:\/\/periodico.hidalgo.gob.mx\/index.php?rest_route=\/wp\/v2\/pages\/7802\/revisions"}],"wp:attachment":[{"href":"https:\/\/periodico.hidalgo.gob.mx\/index.php?rest_route=%2Fwp%2Fv2%2Fmedia&parent=7802"}],"curies":[{"name":"wp","href":"https:\/\/api.w.org\/{rel}","templated":true}]}}