{"id":6952,"date":"2017-01-14T19:47:44","date_gmt":"2017-01-15T01:47:44","guid":{"rendered":"https:\/\/periodico.hidalgo.gob.mx\/?page_id=6952"},"modified":"2017-08-17T22:19:43","modified_gmt":"2017-08-18T03:19:43","slug":"redes-sociales","status":"publish","type":"page","link":"https:\/\/periodico.hidalgo.gob.mx\/?page_id=6952","title":{"rendered":"Redes Sociales"},"content":{"rendered":"<hr \/>\n<p>Mantente conectado con el Peri\u00f3dico Oficial del Estado\u00a0a trav\u00e9s de nuestras distintas redes sociales, las cuales son actualizadas de manera constante y con informaci\u00f3n sobre Publicaciones Semanales, Reformas de Ley, Decretos, e informaci\u00f3n valiosa para aquellas personas interesadas en conocer m\u00e1s sobre la historia del Peri\u00f3dico Oficial y datos del Estado de Hidalgo.<\/p>\n<p>&nbsp;<\/p>\n<table style=\"width: 393.4px;\">\n<tbody>\n<tr style=\"height: 251.237px;\">\n<td style=\"width: 386.4px; height: 251.237px;\"><a href=\"http:\/\/www.facebook.com\/poficialhgo\" target=\"_blank\" rel=\"noopener noreferrer\"><img loading=\"lazy\" decoding=\"async\" class=\"alignleft wp-image-6953\" src=\"https:\/\/periodico.hidalgo.gob.mx\/wp-content\/uploads\/2017\/01\/6a00d83451b36c69e201bb0955aa16970d-600wi.png\" width=\"151\" height=\"151\" srcset=\"https:\/\/periodico.hidalgo.gob.mx\/wp-content\/uploads\/2017\/01\/6a00d83451b36c69e201bb0955aa16970d-600wi.png 512w, https:\/\/periodico.hidalgo.gob.mx\/wp-content\/uploads\/2017\/01\/6a00d83451b36c69e201bb0955aa16970d-600wi-150x150.png 150w, https:\/\/periodico.hidalgo.gob.mx\/wp-content\/uploads\/2017\/01\/6a00d83451b36c69e201bb0955aa16970d-600wi-300x300.png 300w, https:\/\/periodico.hidalgo.gob.mx\/wp-content\/uploads\/2017\/01\/6a00d83451b36c69e201bb0955aa16970d-600wi-144x144.png 144w\" sizes=\"auto, (max-width: 151px) 100vw, 151px\" \/><img loading=\"lazy\" decoding=\"async\" class=\"aligncenter wp-image-7569\" src=\"https:\/\/periodico.hidalgo.gob.mx\/wp-content\/uploads\/2017\/01\/fb-pod.png\" alt=\"\" width=\"200\" height=\"200\" \/><\/a><\/td>\n<\/tr>\n<tr style=\"height: 204px;\">\n<td style=\"width: 386.4px; height: 204px;\"><a href=\"https:\/\/twitter.com\/poficialhgo\" target=\"_blank\" rel=\"noopener noreferrer\"><img loading=\"lazy\" decoding=\"async\" class=\"alignleft wp-image-6954\" src=\"https:\/\/periodico.hidalgo.gob.mx\/wp-content\/uploads\/2017\/01\/Twitter-High-Quality-PNG.png\" width=\"132\" height=\"130\" srcset=\"https:\/\/periodico.hidalgo.gob.mx\/wp-content\/uploads\/2017\/01\/Twitter-High-Quality-PNG.png 1867w, https:\/\/periodico.hidalgo.gob.mx\/wp-content\/uploads\/2017\/01\/Twitter-High-Quality-PNG-300x295.png 300w, https:\/\/periodico.hidalgo.gob.mx\/wp-content\/uploads\/2017\/01\/Twitter-High-Quality-PNG-768x754.png 768w, https:\/\/periodico.hidalgo.gob.mx\/wp-content\/uploads\/2017\/01\/Twitter-High-Quality-PNG-1024x1005.png 1024w\" sizes=\"auto, (max-width: 132px) 100vw, 132px\" \/><\/a>\u00a0<a href=\"https:\/\/twitter.com\/poficialhgo\" target=\"_blank\" rel=\"noopener\"><img loading=\"lazy\" decoding=\"async\" class=\"aligncenter wp-image-7570\" src=\"https:\/\/periodico.hidalgo.gob.mx\/wp-content\/uploads\/2017\/01\/tw-pod.png\" alt=\"\" width=\"199\" height=\"200\" \/><\/a><\/td>\n<\/tr>\n<\/tbody>\n<\/table>\n<p>&nbsp;<\/p>\n","protected":false},"excerpt":{"rendered":"<p>Mantente conectado con el Peri\u00f3dico Oficial del Estado\u00a0a trav\u00e9s de nuestras distintas redes sociales, las cuales son actualizadas de manera constante y con informaci\u00f3n sobre Publicaciones Semanales, Reformas de Ley, [&hellip;]<\/p>\n","protected":false},"author":1,"featured_media":0,"parent":0,"menu_order":0,"comment_status":"closed","ping_status":"closed","template":"","meta":{"footnotes":""},"class_list":["post-6952","page","type-page","status-publish","hentry"],"_links":{"self":[{"href":"https:\/\/periodico.hidalgo.gob.mx\/index.php?rest_route=\/wp\/v2\/pages\/6952","targetHints":{"allow":["GET"]}}],"collection":[{"href":"https:\/\/periodico.hidalgo.gob.mx\/index.php?rest_route=\/wp\/v2\/pages"}],"about":[{"href":"https:\/\/periodico.hidalgo.gob.mx\/index.php?rest_route=\/wp\/v2\/types\/page"}],"author":[{"embeddable":true,"href":"https:\/\/periodico.hidalgo.gob.mx\/index.php?rest_route=\/wp\/v2\/users\/1"}],"replies":[{"embeddable":true,"href":"https:\/\/periodico.hidalgo.gob.mx\/index.php?rest_route=%2Fwp%2Fv2%2Fcomments&post=6952"}],"version-history":[{"count":0,"href":"https:\/\/periodico.hidalgo.gob.mx\/index.php?rest_route=\/wp\/v2\/pages\/6952\/revisions"}],"wp:attachment":[{"href":"https:\/\/periodico.hidalgo.gob.mx\/index.php?rest_route=%2Fwp%2Fv2%2Fmedia&parent=6952"}],"curies":[{"name":"wp","href":"https:\/\/api.w.org\/{rel}","templated":true}]}}