{"id":65186,"date":"2021-06-16T14:07:45","date_gmt":"2021-06-16T19:07:45","guid":{"rendered":"https:\/\/periodico.hidalgo.gob.mx\/?page_id=65186"},"modified":"2026-03-21T06:28:56","modified_gmt":"2026-03-21T12:28:56","slug":"plan-municipal-de-desarrollo-2020-2024","status":"publish","type":"page","link":"https:\/\/periodico.hidalgo.gob.mx\/?page_id=65186","title":{"rendered":"Plan Estatal de Desarrollo"},"content":{"rendered":"<hr \/>\n<p style=\"text-align: center;\"><strong><span style=\"font-size: 24px;\">Compendio de Plan Estatal de Desarrollo<br \/>\n<\/span><\/strong><\/p>\n<hr \/>\n<p style=\"text-align: center;\"><strong><span style=\"color: #ff0000;\">\u00daltima Actualizaci\u00f3n: 20\/marzo\/2026<\/span><\/strong><\/p>\n<hr \/>\n\n<table id=\"tablepress-28\" class=\"tablepress tablepress-id-28 tablepress-responsive\">\n<thead>\n<tr class=\"row-1\">\n\t<th class=\"column-1\">No.<\/th><th class=\"column-2\">Ordenamiento<\/th><th class=\"column-3\">Link<\/th>\n<\/tr>\n<\/thead>\n<tbody class=\"row-striping row-hover\">\n<tr class=\"row-2\">\n\t<td class=\"column-1\">13<\/td><td class=\"column-2\">Actualizaci\u00f3n al Plan Estatal de Desarrollo 2022-2028<\/td><td class=\"column-3\"><a href=\"https:\/\/periodico.hidalgo.gob.mx\/?tribe_events=Periodico-Oficial-Alcance-3-del-20-de-marzo-de-2026 \"><img loading=\"lazy\" decoding=\"async\" src=\"https:\/\/periodico.hidalgo.gob.mx\/wp-content\/uploads\/2018\/11\/html-300x300.png\" alt=\"\" width=\"55\" height=\"55\" class=\"aligncenter size-medium wp-image-25844\" srcset=\"https:\/\/periodico.hidalgo.gob.mx\/wp-content\/uploads\/2018\/11\/html-300x300.png 300w, https:\/\/periodico.hidalgo.gob.mx\/wp-content\/uploads\/2018\/11\/html-150x150.png 150w, https:\/\/periodico.hidalgo.gob.mx\/wp-content\/uploads\/2018\/11\/html-45x45.png 45w, https:\/\/periodico.hidalgo.gob.mx\/wp-content\/uploads\/2018\/11\/html-85x85.png 85w, https:\/\/periodico.hidalgo.gob.mx\/wp-content\/uploads\/2018\/11\/html-80x80.png 80w, https:\/\/periodico.hidalgo.gob.mx\/wp-content\/uploads\/2018\/11\/html-35x35.png 35w, https:\/\/periodico.hidalgo.gob.mx\/wp-content\/uploads\/2018\/11\/html.png 512w\" sizes=\"auto, (max-width: 55px) 100vw, 55px\" \/><\/a><\/td>\n<\/tr>\n<tr class=\"row-3\">\n\t<td class=\"column-1\">12<\/td><td class=\"column-2\">Plan Estatal de Desarrollo 2022-2028<\/td><td class=\"column-3\"><a href=\"https:\/\/periodico.hidalgo.gob.mx\/?tribe_events=Periodico-Oficial-Alcance-41-del-01-de-enero-de-2023\"><img loading=\"lazy\" decoding=\"async\" src=\"https:\/\/periodico.hidalgo.gob.mx\/wp-content\/uploads\/2018\/11\/html-300x300.png\" alt=\"\" width=\"55\" height=\"55\" class=\"aligncenter size-medium wp-image-25844\" srcset=\"https:\/\/periodico.hidalgo.gob.mx\/wp-content\/uploads\/2018\/11\/html-300x300.png 300w, https:\/\/periodico.hidalgo.gob.mx\/wp-content\/uploads\/2018\/11\/html-150x150.png 150w, https:\/\/periodico.hidalgo.gob.mx\/wp-content\/uploads\/2018\/11\/html-45x45.png 45w, https:\/\/periodico.hidalgo.gob.mx\/wp-content\/uploads\/2018\/11\/html-85x85.png 85w, https:\/\/periodico.hidalgo.gob.mx\/wp-content\/uploads\/2018\/11\/html-80x80.png 80w, https:\/\/periodico.hidalgo.gob.mx\/wp-content\/uploads\/2018\/11\/html-35x35.png 35w, https:\/\/periodico.hidalgo.gob.mx\/wp-content\/uploads\/2018\/11\/html.png 512w\" sizes=\"auto, (max-width: 55px) 100vw, 55px\" \/><\/a><\/td>\n<\/tr>\n<tr class=\"row-4\">\n\t<td class=\"column-1\">11<\/td><td class=\"column-2\">Actualizaci\u00f3n del Plan Estatal de Desarrollo Hidalgo 2016 \u2013 2022<\/td><td class=\"column-3\"><a href=\"https:\/\/periodico.hidalgo.gob.mx\/?tribe_events=Periodico-Oficial-Alcance-7-del-02-de-septiembre-de-2020\"><img loading=\"lazy\" decoding=\"async\" src=\"https:\/\/periodico.hidalgo.gob.mx\/wp-content\/uploads\/2018\/11\/html-300x300.png\" alt=\"\" width=\"55\" height=\"55\" class=\"aligncenter size-medium wp-image-25844\" srcset=\"https:\/\/periodico.hidalgo.gob.mx\/wp-content\/uploads\/2018\/11\/html-300x300.png 300w, https:\/\/periodico.hidalgo.gob.mx\/wp-content\/uploads\/2018\/11\/html-150x150.png 150w, https:\/\/periodico.hidalgo.gob.mx\/wp-content\/uploads\/2018\/11\/html-45x45.png 45w, https:\/\/periodico.hidalgo.gob.mx\/wp-content\/uploads\/2018\/11\/html-85x85.png 85w, https:\/\/periodico.hidalgo.gob.mx\/wp-content\/uploads\/2018\/11\/html-80x80.png 80w, https:\/\/periodico.hidalgo.gob.mx\/wp-content\/uploads\/2018\/11\/html-35x35.png 35w, https:\/\/periodico.hidalgo.gob.mx\/wp-content\/uploads\/2018\/11\/html.png 512w\" sizes=\"auto, (max-width: 55px) 100vw, 55px\" \/><\/a><\/td>\n<\/tr>\n<tr class=\"row-5\">\n\t<td class=\"column-1\">10<\/td><td class=\"column-2\">Plan Estatal de Desarrollo 2016-2022<\/td><td class=\"column-3\"><a href=\"https:\/\/periodico.hidalgo.gob.mx\/?tribe_events=Periodico-Oficial-Alcance-0-del-02-de-enero-de-2017\"><img loading=\"lazy\" decoding=\"async\" src=\"https:\/\/periodico.hidalgo.gob.mx\/wp-content\/uploads\/2018\/11\/html-300x300.png\" alt=\"\" width=\"55\" height=\"55\" class=\"aligncenter size-medium wp-image-25844\" srcset=\"https:\/\/periodico.hidalgo.gob.mx\/wp-content\/uploads\/2018\/11\/html-300x300.png 300w, https:\/\/periodico.hidalgo.gob.mx\/wp-content\/uploads\/2018\/11\/html-150x150.png 150w, https:\/\/periodico.hidalgo.gob.mx\/wp-content\/uploads\/2018\/11\/html-45x45.png 45w, https:\/\/periodico.hidalgo.gob.mx\/wp-content\/uploads\/2018\/11\/html-85x85.png 85w, https:\/\/periodico.hidalgo.gob.mx\/wp-content\/uploads\/2018\/11\/html-80x80.png 80w, https:\/\/periodico.hidalgo.gob.mx\/wp-content\/uploads\/2018\/11\/html-35x35.png 35w, https:\/\/periodico.hidalgo.gob.mx\/wp-content\/uploads\/2018\/11\/html.png 512w\" sizes=\"auto, (max-width: 55px) 100vw, 55px\" \/><\/a><\/td>\n<\/tr>\n<tr class=\"row-6\">\n\t<td class=\"column-1\">9<\/td><td class=\"column-2\">Actualizaci\u00f3n del Plan Estatal de Desarrollo 2011 \u2013 2016<\/td><td class=\"column-3\"><a href=\"https:\/\/periodico.hidalgo.gob.mx\/?tribe_events=Periodico-Oficial-Alcance-0-del-07-de-abril-de-2014\"><img loading=\"lazy\" decoding=\"async\" src=\"https:\/\/periodico.hidalgo.gob.mx\/wp-content\/uploads\/2018\/11\/html-300x300.png\" alt=\"\" width=\"55\" height=\"55\" class=\"aligncenter size-medium wp-image-25844\" srcset=\"https:\/\/periodico.hidalgo.gob.mx\/wp-content\/uploads\/2018\/11\/html-300x300.png 300w, https:\/\/periodico.hidalgo.gob.mx\/wp-content\/uploads\/2018\/11\/html-150x150.png 150w, https:\/\/periodico.hidalgo.gob.mx\/wp-content\/uploads\/2018\/11\/html-45x45.png 45w, https:\/\/periodico.hidalgo.gob.mx\/wp-content\/uploads\/2018\/11\/html-85x85.png 85w, https:\/\/periodico.hidalgo.gob.mx\/wp-content\/uploads\/2018\/11\/html-80x80.png 80w, https:\/\/periodico.hidalgo.gob.mx\/wp-content\/uploads\/2018\/11\/html-35x35.png 35w, https:\/\/periodico.hidalgo.gob.mx\/wp-content\/uploads\/2018\/11\/html.png 512w\" sizes=\"auto, (max-width: 55px) 100vw, 55px\" \/><\/a><\/td>\n<\/tr>\n<tr class=\"row-7\">\n\t<td class=\"column-1\">8<\/td><td class=\"column-2\">Plan Estatal de Desarrollo 2011 \u2013 2016.<\/td><td class=\"column-3\"><a href=\"https:\/\/periodico.hidalgo.gob.mx\/?tribe_events=Periodico-Oficial-Alcance-1-del-18-de-julio-de-2011\"><img loading=\"lazy\" decoding=\"async\" src=\"https:\/\/periodico.hidalgo.gob.mx\/wp-content\/uploads\/2018\/11\/html-300x300.png\" alt=\"\" width=\"55\" height=\"55\" class=\"aligncenter size-medium wp-image-25844\" srcset=\"https:\/\/periodico.hidalgo.gob.mx\/wp-content\/uploads\/2018\/11\/html-300x300.png 300w, https:\/\/periodico.hidalgo.gob.mx\/wp-content\/uploads\/2018\/11\/html-150x150.png 150w, https:\/\/periodico.hidalgo.gob.mx\/wp-content\/uploads\/2018\/11\/html-45x45.png 45w, https:\/\/periodico.hidalgo.gob.mx\/wp-content\/uploads\/2018\/11\/html-85x85.png 85w, https:\/\/periodico.hidalgo.gob.mx\/wp-content\/uploads\/2018\/11\/html-80x80.png 80w, https:\/\/periodico.hidalgo.gob.mx\/wp-content\/uploads\/2018\/11\/html-35x35.png 35w, https:\/\/periodico.hidalgo.gob.mx\/wp-content\/uploads\/2018\/11\/html.png 512w\" sizes=\"auto, (max-width: 55px) 100vw, 55px\" \/><\/a><\/td>\n<\/tr>\n<tr class=\"row-8\">\n\t<td class=\"column-1\">7<\/td><td class=\"column-2\">Actualizaci\u00f3n del Plan Estatal de Desarrollo 2005-2011.<\/td><td class=\"column-3\"><a href=\"https:\/\/periodico.hidalgo.gob.mx\/?tribe_events=Periodico-Oficial-Alcance-0-del-09-de-junio-de-2008\"><img loading=\"lazy\" decoding=\"async\" src=\"https:\/\/periodico.hidalgo.gob.mx\/wp-content\/uploads\/2018\/11\/html-300x300.png\" alt=\"\" width=\"55\" height=\"55\" class=\"aligncenter size-medium wp-image-25844\" srcset=\"https:\/\/periodico.hidalgo.gob.mx\/wp-content\/uploads\/2018\/11\/html-300x300.png 300w, https:\/\/periodico.hidalgo.gob.mx\/wp-content\/uploads\/2018\/11\/html-150x150.png 150w, https:\/\/periodico.hidalgo.gob.mx\/wp-content\/uploads\/2018\/11\/html-45x45.png 45w, https:\/\/periodico.hidalgo.gob.mx\/wp-content\/uploads\/2018\/11\/html-85x85.png 85w, https:\/\/periodico.hidalgo.gob.mx\/wp-content\/uploads\/2018\/11\/html-80x80.png 80w, https:\/\/periodico.hidalgo.gob.mx\/wp-content\/uploads\/2018\/11\/html-35x35.png 35w, https:\/\/periodico.hidalgo.gob.mx\/wp-content\/uploads\/2018\/11\/html.png 512w\" sizes=\"auto, (max-width: 55px) 100vw, 55px\" \/><\/a><\/td>\n<\/tr>\n<tr class=\"row-9\">\n\t<td class=\"column-1\">6<\/td><td class=\"column-2\">Secretar\u00eda de Gobierno.- Programa Estatal de Desarrollo Pol\u00edtico 2005-2011.<br \/>\n<br \/>\nSecretar\u00eda de Gobierno.- Programa Estatal de Procuraci\u00f3n de Justicia 2005-2011.<br \/>\n<br \/>\nSecretar\u00eda de Gobierno.- Programa Estatal de Poblaci\u00f3n 2005-2011.<br \/>\n<br \/>\nSecretar\u00eda de Gobierno.- Programa Estatal de Protecci\u00f3n Civil 2005-2011.<br \/>\n<br \/>\nSecretar\u00eda de Gobierno.- Programa Estatal de Participaci\u00f3n Social 2005-2011.<br \/>\n<br \/>\nSecretar\u00eda de Gobierno.- Programa Estatal de Fortalecimiento Municipal 2005-2011.<br \/>\n<br \/>\nSecretar\u00eda de Gobierno.- Programa Estatal de Estado de Derecho 2005-2011.<\/td><td class=\"column-3\"><a href=\"https:\/\/periodico.hidalgo.gob.mx\/?tribe_events=Periodico-Oficial-Alcance-0-Volumen-4-del-03-de-octubre-de-2005\"><img loading=\"lazy\" decoding=\"async\" src=\"https:\/\/periodico.hidalgo.gob.mx\/wp-content\/uploads\/2018\/11\/html-300x300.png\" alt=\"\" width=\"55\" height=\"55\" class=\"aligncenter size-medium wp-image-25844\" srcset=\"https:\/\/periodico.hidalgo.gob.mx\/wp-content\/uploads\/2018\/11\/html-300x300.png 300w, https:\/\/periodico.hidalgo.gob.mx\/wp-content\/uploads\/2018\/11\/html-150x150.png 150w, https:\/\/periodico.hidalgo.gob.mx\/wp-content\/uploads\/2018\/11\/html-45x45.png 45w, https:\/\/periodico.hidalgo.gob.mx\/wp-content\/uploads\/2018\/11\/html-85x85.png 85w, https:\/\/periodico.hidalgo.gob.mx\/wp-content\/uploads\/2018\/11\/html-80x80.png 80w, https:\/\/periodico.hidalgo.gob.mx\/wp-content\/uploads\/2018\/11\/html-35x35.png 35w, https:\/\/periodico.hidalgo.gob.mx\/wp-content\/uploads\/2018\/11\/html.png 512w\" sizes=\"auto, (max-width: 55px) 100vw, 55px\" \/><\/a><\/td>\n<\/tr>\n<tr class=\"row-10\">\n\t<td class=\"column-1\">5<\/td><td class=\"column-2\">Secretar\u00eda de la Contralor\u00eda.- Programa Estatal de Contralor\u00eda 2005 \u2013 2011.<br \/>\n<br \/>\nSecretar\u00eda de Turismo.- Programa Estatal de Desarrollo Tur\u00edstico 2005 \u2013 2011.<br \/>\n<br \/>\nSecretar\u00eda de Agricultura y Desarrollo Rural.- Programa Estatal de Agricultura y Desarrollo Rural 2005 \u2013 2011.<br \/>\n<br \/>\nSecretar\u00eda de Agricultura y Desarrollo Rural.- Programa Estatal de Desarrollo Agropecuario Sustentable 2005-2011.<br \/>\n<br \/>\nSecretar\u00eda de Agricultura y Desarrollo Rural.- Programa Estatal de Acuacultura 2005-2011.<br \/>\n<br \/>\nSecretar\u00eda de Agricultura y Desarrollo Rural.- Programa Estatal de Silvicultura Sustentable 2005-2011.<br \/>\n<br \/>\nSecretar\u00eda de Obras P\u00fablicas, Comunicaciones, Transporte y Asentamientos.- Programa Estatal de Obras P\u00fablicas, Transporte y Asentamientos 2005-2011.<br \/>\n<br \/>\nSecretar\u00eda de Obras P\u00fablicas, Comunicaciones, Transporte y Asentamientos.- Programa Estatal de Desarrollo Sustentable y Sostenido 2005-2011.<br \/>\n<br \/>\nSecretar\u00eda de Obras P\u00fablicas, Comunicaciones, Transporte y Asentamientos.- Programa Estatal de Desarrollo Urbano y Ordenamiento Territorial 2005-2011.<br \/>\n<br \/>\nSecretar\u00eda de Obras P\u00fablicas, Comunicaciones, Transporte y Asentamientos.- Programa Estatal de Vivienda 2005-2011.<br \/>\n<br \/>\nSecretar\u00eda de Obras P\u00fablicas, Comunicaciones, Transporte y Asentamientos.- Programa Estatal de Comunicaciones 2005-2011.<br \/>\n<br \/>\nSecretar\u00eda de Obras P\u00fablicas, Comunicaciones, Transporte y Asentamientos.- Programa Estatal de Transportes 2005-2011.<br \/>\n<br \/>\nSecretar\u00eda de Obras P\u00fablicas, Comunicaciones, Transporte y Asentamientos.- Programa Estatal de Preservaci\u00f3n y Conservaci\u00f3n del Agua 2005-2011.<br \/>\n<br \/>\nUnidad de Apoyo al Gobernador del Estado.- Programa Estatal de Modernizaci\u00f3n e Innovaci\u00f3n Gubernamental 2005-2011.<br \/>\n<br \/>\nUnidad de Apoyo al Gobernador del Estado.- Programa Estatal de Comunicaci\u00f3n Social 2005-2011.<\/td><td class=\"column-3\"><a href=\"https:\/\/periodico.hidalgo.gob.mx\/?tribe_events=Periodico-Oficial-Alcance-0-Volumen-2-del-03-de-octubre-de-2005\"><img loading=\"lazy\" decoding=\"async\" src=\"https:\/\/periodico.hidalgo.gob.mx\/wp-content\/uploads\/2018\/11\/html-300x300.png\" alt=\"\" width=\"55\" height=\"55\" class=\"aligncenter size-medium wp-image-25844\" srcset=\"https:\/\/periodico.hidalgo.gob.mx\/wp-content\/uploads\/2018\/11\/html-300x300.png 300w, https:\/\/periodico.hidalgo.gob.mx\/wp-content\/uploads\/2018\/11\/html-150x150.png 150w, https:\/\/periodico.hidalgo.gob.mx\/wp-content\/uploads\/2018\/11\/html-45x45.png 45w, https:\/\/periodico.hidalgo.gob.mx\/wp-content\/uploads\/2018\/11\/html-85x85.png 85w, https:\/\/periodico.hidalgo.gob.mx\/wp-content\/uploads\/2018\/11\/html-80x80.png 80w, https:\/\/periodico.hidalgo.gob.mx\/wp-content\/uploads\/2018\/11\/html-35x35.png 35w, https:\/\/periodico.hidalgo.gob.mx\/wp-content\/uploads\/2018\/11\/html.png 512w\" sizes=\"auto, (max-width: 55px) 100vw, 55px\" \/><\/a><\/td>\n<\/tr>\n<tr class=\"row-11\">\n\t<td class=\"column-1\">4<\/td><td class=\"column-2\">Secretar\u00eda de Planeaci\u00f3n y Desarrollo Regional.- Programa Estatal de Planeaci\u00f3n y Prospectiva 2005 \u2013 2011.<br \/>\n<br \/>\nSecretar\u00eda de Desarrollo Econ\u00f3mico.- Programa Estatal de Desarrollo Econ\u00f3mico 2005 \u2013 2011.<br \/>\n<br \/>\nSecretar\u00eda de Desarrollo Econ\u00f3mico.- Programa Estatal de Empleo 2005 \u2013 2011.<br \/>\n<br \/>\nSecretar\u00eda de Desarrollo Econ\u00f3mico.- Programa Estatal de Comercio y Abasto 2005 \u2013 2011.<br \/>\n<br \/>\nSecretar\u00eda de Desarrollo Econ\u00f3mico.- Programa Estatal de Fomento Industrial 2005 \u2013 2011.<br \/>\n<br \/>\nSecretar\u00eda de Desarrollo Econ\u00f3mico.- Programa Estatal de Fomento a las Exportaciones 2005 \u2013 2011.<br \/>\n<br \/>\nSecretar\u00eda de Desarrollo Econ\u00f3mico.- Programa Estatal de Investigaci\u00f3n, Ciencia y Tecnolog\u00eda 2005 \u2013 2011.<br \/>\n<br \/>\nSecretar\u00eda de Desarrollo Econ\u00f3mico.- Programa Estatal de Fomento a la Inversi\u00f3n Productiva 2005 \u2013 2011.<br \/>\n<br \/>\nSecretar\u00eda de Desarrollo Econ\u00f3mico.- Programa Estatal de Energ\u00eda 2005 \u2013 2011.<br \/>\n<br \/>\nSecretar\u00eda de Desarrollo Econ\u00f3mico.- Programa Estatal de Miner\u00eda 2005 \u2013 2011.<br \/>\n<br \/>\nSecretar\u00eda de Desarrollo Econ\u00f3mico.- Programa Estatal de Artesan\u00edas 2005 \u2013 2011.<br \/>\n<br \/>\nSecretar\u00eda de Desarrollo Social.- Programa Estatal de Desarrollo Social 2005 \u2013 2011.<br \/>\n<br \/>\nSecretar\u00eda de Desarrollo Social.- Programa Estatal de Atenci\u00f3n a Grupos Vulnerables 2005 \u2013 2011.<br \/>\n<br \/>\nSecretar\u00eda de Desarrollo Social.- Programa Estatal de Atenci\u00f3n Integral para los Pueblos y Comunidades Ind\u00edgenas 2005 \u2013 2011.<br \/>\n<br \/>\nSecretar\u00eda de Desarrollo Social.- Programa Estatal de Adultos Mayores 2005 \u2013 2011.<br \/>\n<br \/>\nSecretar\u00eda de Desarrollo Social.- Programa Estatal de Equidad de G\u00e9nero 2005 \u2013 2011.<br \/>\n<br \/>\nSecretar\u00eda de Desarrollo Social.- Programa Estatal de Apoyo a Migrantes 2005 \u2013 2011.<\/td><td class=\"column-3\"><a href=\"https:\/\/periodico.hidalgo.gob.mx\/?tribe_events=Periodico-Oficial-Alcance-0-Volumen-1-del-03-de-octubre-de-2005\"><img loading=\"lazy\" decoding=\"async\" src=\"https:\/\/periodico.hidalgo.gob.mx\/wp-content\/uploads\/2018\/11\/html-300x300.png\" alt=\"\" width=\"55\" height=\"55\" class=\"aligncenter size-medium wp-image-25844\" srcset=\"https:\/\/periodico.hidalgo.gob.mx\/wp-content\/uploads\/2018\/11\/html-300x300.png 300w, https:\/\/periodico.hidalgo.gob.mx\/wp-content\/uploads\/2018\/11\/html-150x150.png 150w, https:\/\/periodico.hidalgo.gob.mx\/wp-content\/uploads\/2018\/11\/html-45x45.png 45w, https:\/\/periodico.hidalgo.gob.mx\/wp-content\/uploads\/2018\/11\/html-85x85.png 85w, https:\/\/periodico.hidalgo.gob.mx\/wp-content\/uploads\/2018\/11\/html-80x80.png 80w, https:\/\/periodico.hidalgo.gob.mx\/wp-content\/uploads\/2018\/11\/html-35x35.png 35w, https:\/\/periodico.hidalgo.gob.mx\/wp-content\/uploads\/2018\/11\/html.png 512w\" sizes=\"auto, (max-width: 55px) 100vw, 55px\" \/><\/a><\/td>\n<\/tr>\n<tr class=\"row-12\">\n\t<td class=\"column-1\">3<\/td><td class=\"column-2\">Plan Estatal de Desarrollo 2005 \u2013 2011<\/td><td class=\"column-3\"><a href=\"https:\/\/periodico.hidalgo.gob.mx\/?tribe_events=Periodico-Oficial-Alcance-0-del-18-de-julio-de-2005\"><img loading=\"lazy\" decoding=\"async\" src=\"https:\/\/periodico.hidalgo.gob.mx\/wp-content\/uploads\/2018\/11\/html-300x300.png\" alt=\"\" width=\"55\" height=\"55\" class=\"aligncenter size-medium wp-image-25844\" srcset=\"https:\/\/periodico.hidalgo.gob.mx\/wp-content\/uploads\/2018\/11\/html-300x300.png 300w, https:\/\/periodico.hidalgo.gob.mx\/wp-content\/uploads\/2018\/11\/html-150x150.png 150w, https:\/\/periodico.hidalgo.gob.mx\/wp-content\/uploads\/2018\/11\/html-45x45.png 45w, https:\/\/periodico.hidalgo.gob.mx\/wp-content\/uploads\/2018\/11\/html-85x85.png 85w, https:\/\/periodico.hidalgo.gob.mx\/wp-content\/uploads\/2018\/11\/html-80x80.png 80w, https:\/\/periodico.hidalgo.gob.mx\/wp-content\/uploads\/2018\/11\/html-35x35.png 35w, https:\/\/periodico.hidalgo.gob.mx\/wp-content\/uploads\/2018\/11\/html.png 512w\" sizes=\"auto, (max-width: 55px) 100vw, 55px\" \/><\/a><\/td>\n<\/tr>\n<tr class=\"row-13\">\n\t<td class=\"column-1\">2<\/td><td class=\"column-2\">Plan Estatal de Desarrollo 1999 \u2013 2005.<\/td><td class=\"column-3\"><a href=\"https:\/\/periodico.hidalgo.gob.mx\/?tribe_events=Periodico-Oficial-Ordinario-0-del-10-de-abril-de-2000\"><img loading=\"lazy\" decoding=\"async\" src=\"https:\/\/periodico.hidalgo.gob.mx\/wp-content\/uploads\/2018\/11\/html-300x300.png\" alt=\"\" width=\"55\" height=\"55\" class=\"aligncenter size-medium wp-image-25844\" srcset=\"https:\/\/periodico.hidalgo.gob.mx\/wp-content\/uploads\/2018\/11\/html-300x300.png 300w, https:\/\/periodico.hidalgo.gob.mx\/wp-content\/uploads\/2018\/11\/html-150x150.png 150w, https:\/\/periodico.hidalgo.gob.mx\/wp-content\/uploads\/2018\/11\/html-45x45.png 45w, https:\/\/periodico.hidalgo.gob.mx\/wp-content\/uploads\/2018\/11\/html-85x85.png 85w, https:\/\/periodico.hidalgo.gob.mx\/wp-content\/uploads\/2018\/11\/html-80x80.png 80w, https:\/\/periodico.hidalgo.gob.mx\/wp-content\/uploads\/2018\/11\/html-35x35.png 35w, https:\/\/periodico.hidalgo.gob.mx\/wp-content\/uploads\/2018\/11\/html.png 512w\" sizes=\"auto, (max-width: 55px) 100vw, 55px\" \/><\/a><\/td>\n<\/tr>\n<tr class=\"row-14\">\n\t<td class=\"column-1\">1<\/td><td class=\"column-2\">Plan Estatal de Desarrollo Urbano del Estado de Hidalgo. Este Plan Estatal de Desarrollo Urbano<\/td><td class=\"column-3\"><a href=\"https:\/\/periodico.hidalgo.gob.mx\/?tribe_events=Periodico-Oficial-Ordinario-0-del-16-de-julio-de-1979\"><img loading=\"lazy\" decoding=\"async\" src=\"https:\/\/periodico.hidalgo.gob.mx\/wp-content\/uploads\/2018\/11\/html-300x300.png\" alt=\"\" width=\"55\" height=\"55\" class=\"aligncenter size-medium wp-image-25844\" srcset=\"https:\/\/periodico.hidalgo.gob.mx\/wp-content\/uploads\/2018\/11\/html-300x300.png 300w, https:\/\/periodico.hidalgo.gob.mx\/wp-content\/uploads\/2018\/11\/html-150x150.png 150w, https:\/\/periodico.hidalgo.gob.mx\/wp-content\/uploads\/2018\/11\/html-45x45.png 45w, https:\/\/periodico.hidalgo.gob.mx\/wp-content\/uploads\/2018\/11\/html-85x85.png 85w, https:\/\/periodico.hidalgo.gob.mx\/wp-content\/uploads\/2018\/11\/html-80x80.png 80w, https:\/\/periodico.hidalgo.gob.mx\/wp-content\/uploads\/2018\/11\/html-35x35.png 35w, https:\/\/periodico.hidalgo.gob.mx\/wp-content\/uploads\/2018\/11\/html.png 512w\" sizes=\"auto, (max-width: 55px) 100vw, 55px\" \/><\/a><\/td>\n<\/tr>\n<\/tbody>\n<\/table>\n<!-- #tablepress-28 from cache -->\n","protected":false},"excerpt":{"rendered":"<p>Compendio de Plan Estatal de Desarrollo \u00daltima Actualizaci\u00f3n: 20\/marzo\/2026<\/p>\n","protected":false},"author":1,"featured_media":0,"parent":0,"menu_order":0,"comment_status":"closed","ping_status":"closed","template":"","meta":{"footnotes":""},"class_list":["post-65186","page","type-page","status-publish","hentry"],"_links":{"self":[{"href":"https:\/\/periodico.hidalgo.gob.mx\/index.php?rest_route=\/wp\/v2\/pages\/65186","targetHints":{"allow":["GET"]}}],"collection":[{"href":"https:\/\/periodico.hidalgo.gob.mx\/index.php?rest_route=\/wp\/v2\/pages"}],"about":[{"href":"https:\/\/periodico.hidalgo.gob.mx\/index.php?rest_route=\/wp\/v2\/types\/page"}],"author":[{"embeddable":true,"href":"https:\/\/periodico.hidalgo.gob.mx\/index.php?rest_route=\/wp\/v2\/users\/1"}],"replies":[{"embeddable":true,"href":"https:\/\/periodico.hidalgo.gob.mx\/index.php?rest_route=%2Fwp%2Fv2%2Fcomments&post=65186"}],"version-history":[{"count":2,"href":"https:\/\/periodico.hidalgo.gob.mx\/index.php?rest_route=\/wp\/v2\/pages\/65186\/revisions"}],"predecessor-version":[{"id":149757,"href":"https:\/\/periodico.hidalgo.gob.mx\/index.php?rest_route=\/wp\/v2\/pages\/65186\/revisions\/149757"}],"wp:attachment":[{"href":"https:\/\/periodico.hidalgo.gob.mx\/index.php?rest_route=%2Fwp%2Fv2%2Fmedia&parent=65186"}],"curies":[{"name":"wp","href":"https:\/\/api.w.org\/{rel}","templated":true}]}}