{"id":4876,"date":"2016-09-01T21:27:47","date_gmt":"2016-09-02T02:27:47","guid":{"rendered":"https:\/\/periodico.hidalgo.gob.mx\/?page_id=4876"},"modified":"2021-07-19T18:09:24","modified_gmt":"2021-07-19T23:09:24","slug":"aviso-legal","status":"publish","type":"page","link":"https:\/\/periodico.hidalgo.gob.mx\/?page_id=4876","title":{"rendered":"Aviso Legal"},"content":{"rendered":"<hr \/>\n<p style=\"text-align: center;\"><strong><span style=\"font-size: 24px;\">Aviso Legal<\/span><\/strong><\/p>\n<hr \/>\n<p style=\"text-align: justify;\">El contenido de este Sitio tiene como objetivo proporcionar la consulta de los documentos publicados en el Peri\u00f3dico Oficial del Estado de Hidalgo.<\/p>\n<p style=\"text-align: justify;\">El Peri\u00f3dico Oficial del Estado de Hidalgo desarroll\u00f3 este Sitio con informaci\u00f3n procedente de la digitalizaci\u00f3n y procesamiento de los ejemplares que obran en los archivos del Peri\u00f3dico Oficial del Estado de Hidalgo; sin embargo, no garantiza la exactitud de la informaci\u00f3n hist\u00f3rica que contiene, ya que esta puede estar incompleta.<\/p>\n<p style=\"text-align: justify;\">Acceder al sitio del Peri\u00f3dico Oficial del Estado de Hidalgo no implica licencia para la reproducci\u00f3n y\/o distribuci\u00f3n de ninguna de sus partes con fines de lucro, y s\u00f3lo se permitir\u00e1 con el previo consentimiento por escrito por parte del Peri\u00f3dico Oficial del Estado de Hidalgo.<\/p>\n","protected":false},"excerpt":{"rendered":"<p>Aviso Legal El contenido de este Sitio tiene como objetivo proporcionar la consulta de los documentos publicados en el Peri\u00f3dico Oficial del Estado de Hidalgo. El Peri\u00f3dico Oficial del Estado [&hellip;]<\/p>\n","protected":false},"author":1,"featured_media":0,"parent":0,"menu_order":0,"comment_status":"closed","ping_status":"closed","template":"","meta":{"footnotes":""},"class_list":["post-4876","page","type-page","status-publish","hentry"],"_links":{"self":[{"href":"https:\/\/periodico.hidalgo.gob.mx\/index.php?rest_route=\/wp\/v2\/pages\/4876","targetHints":{"allow":["GET"]}}],"collection":[{"href":"https:\/\/periodico.hidalgo.gob.mx\/index.php?rest_route=\/wp\/v2\/pages"}],"about":[{"href":"https:\/\/periodico.hidalgo.gob.mx\/index.php?rest_route=\/wp\/v2\/types\/page"}],"author":[{"embeddable":true,"href":"https:\/\/periodico.hidalgo.gob.mx\/index.php?rest_route=\/wp\/v2\/users\/1"}],"replies":[{"embeddable":true,"href":"https:\/\/periodico.hidalgo.gob.mx\/index.php?rest_route=%2Fwp%2Fv2%2Fcomments&post=4876"}],"version-history":[{"count":0,"href":"https:\/\/periodico.hidalgo.gob.mx\/index.php?rest_route=\/wp\/v2\/pages\/4876\/revisions"}],"wp:attachment":[{"href":"https:\/\/periodico.hidalgo.gob.mx\/index.php?rest_route=%2Fwp%2Fv2%2Fmedia&parent=4876"}],"curies":[{"name":"wp","href":"https:\/\/api.w.org\/{rel}","templated":true}]}}