{"id":29843,"date":"2019-07-04T16:54:46","date_gmt":"2019-07-04T21:54:46","guid":{"rendered":"https:\/\/periodico.hidalgo.gob.mx\/?page_id=29843"},"modified":"2021-07-19T20:23:12","modified_gmt":"2021-07-20T01:23:12","slug":"lector-de-qr","status":"publish","type":"page","link":"https:\/\/periodico.hidalgo.gob.mx\/?page_id=29843","title":{"rendered":"Elementos de validaci\u00f3n"},"content":{"rendered":"<p><img loading=\"lazy\" decoding=\"async\" class=\"aligncenter wp-image-29858\" src=\"https:\/\/periodico.hidalgo.gob.mx\/wp-content\/uploads\/2019\/07\/55901915_10205700299342718_568103665068408832_o.jpg\" alt=\"\" width=\"450\" height=\"337\" \/><\/p>\n<p>&nbsp;<\/p>\n<table style=\"border-collapse: collapse; width: 100%;\">\n<tbody>\n<tr>\n<td style=\"width: 100%;\">\n<table style=\"border-collapse: collapse; width: 100%;\">\n<tbody>\n<tr>\n<td style=\"width: 50%;\"><a href=\"https:\/\/play.google.com\/store\/apps\/details?id=com.gamma.scan&amp;hl=es_MX&amp;gl=US\" target=\"_blank\" rel=\"noopener\"><img loading=\"lazy\" decoding=\"async\" class=\"aligncenter size-full wp-image-29845\" src=\"https:\/\/periodico.hidalgo.gob.mx\/wp-content\/uploads\/2019\/07\/android_download2.jpg\" alt=\"\" width=\"190\" height=\"70\" \/><\/a><a href=\"https:\/\/apps.apple.com\/us\/app\/qr-code-reader\/id1200318119\" target=\"_blank\" rel=\"noopener\"><img loading=\"lazy\" decoding=\"async\" class=\"aligncenter wp-image-29844 size-full\" src=\"https:\/\/periodico.hidalgo.gob.mx\/wp-content\/uploads\/2019\/07\/iphone_download2.jpg\" alt=\"\" width=\"190\" height=\"70\" \/><\/a><\/p>\n<p>&nbsp;<\/td>\n<td style=\"width: 50%;\"><a href=\"https:\/\/get.adobe.com\/es\/reader\/\" target=\"_blank\" rel=\"noopener\"><img loading=\"lazy\" decoding=\"async\" class=\"aligncenter wp-image-29869\" src=\"https:\/\/periodico.hidalgo.gob.mx\/wp-content\/uploads\/2019\/07\/GetReader.jpg\" alt=\"\" width=\"230\" height=\"73\" \/><\/a><\/td>\n<\/tr>\n<\/tbody>\n<\/table>\n<\/td>\n<td style=\"width: 50%;\"><\/td>\n<\/tr>\n<\/tbody>\n<\/table>\n<hr \/>\n<p>&nbsp;<\/p>\n<p style=\"text-align: center;\"><strong>CONFIGURACI\u00d3N DE ADOBE READER PARA LA VALIDACI\u00d3N DE LA FIRMA DEL DOCUMENTO<\/strong><\/p>\n<p>&nbsp;<\/p>\n<hr \/>\n<p>Para la validaci\u00f3n de la firma electr\u00f3nica es necesario, en primer lugar, instalar el certificado de la <a href=\"http:\/\/firmaelectronica.hidalgo.gob.mx\/\" target=\"_blank\" rel=\"noopener\">Autoridad Certificadora de Firma Electr\u00f3nica Avanzada del Estado de Hidalgo<\/a>, y en segundo lugar configurar la aplicaci\u00f3n Adobe Reader o Adobe Acrobat para que conf\u00ede en el certificado ra\u00edz del certificado de firma.<\/p>\n<hr \/>\n<p><strong>Pasos para instalar el certificado de la <a href=\"http:\/\/firmaelectronica.hidalgo.gob.mx\/\" target=\"_blank\" rel=\"noopener\">Autoridad Certificadora de Firma Electr\u00f3nica Avanzada del Estado de Hidalgo<\/a>.<\/strong><\/p>\n<p style=\"text-align: justify;\">1.- Deber\u00e1 ingresar en el explorador de Internet de su preferencia en el siguiente <a href=\"http:\/\/firmaelectronica.hidalgo.gob.mx\/pag\/DescargasA.html\" target=\"_blank\" rel=\"noopener\">v\u00ednculo<\/a> donde se abrir\u00e1 una ventana similar, donde deber\u00e1 seleccionar &#8220;Descargar&#8221; al archivo AC_GOOBHIDALGO, donde preguntar\u00e1 dependiendo del explorador \u00bfQu\u00e9 deber\u00eda hacer el navegador con este archivo?, seleccione la opci\u00f3n \u201cAbrir con\u201d o &#8220;Guardar en&#8221; y pulse el bot\u00f3n \u201cAceptar\u201d.<\/p>\n<p>2.- A continuaci\u00f3n se mostrar\u00e1 una ventana denominada \u201cCertificado\u201d, seleccione la pesta\u00f1a \u201cGeneral\u201d y pulse el bot\u00f3n \u201cInstalar certificado&#8230;\u201d<\/p>\n<p>3.- Se abrir\u00e1 una nueva ventana con el \u201cAsistente para importaci\u00f3n de certificados\u201d, pulse el bot\u00f3n \u201cSiguiente\u201d.<\/p>\n<p>4.- Se abrir\u00e1 una ventana denominada \u201cAlmac\u00e9n de certificados\u201d donde seleccionar\u00e1s la opci\u00f3n \u201cColocar todos los certificados en el siguiente almac\u00e9n\u201d y despu\u00e9s pulse el bot\u00f3n \u201cExaminar\u201d.<\/p>\n<p>5.- En la nueva ventana que se despliega, seleccione la opci\u00f3n \u201cEntidades de certificaci\u00f3n ra\u00edz de confianza\u201d y pulse el bot\u00f3n \u201cAceptar\u201d.<\/p>\n<p>6.- Con lo que regresar\u00e1 a la ventana anterior donde aparecer\u00e1 la leyenda que acabamos de elegir de \u201cEntidades de certificaci\u00f3n ra\u00edz de confianza\u201d a un lado del bot\u00f3n \u201cexaminar\u201d, pulse el bot\u00f3n \u201cSiguiente\u201d.<\/p>\n<p>7.- Se abrir\u00e1 una ventana denominada \u201cFinalizaci\u00f3n del asistente para importaci\u00f3n de certificados\u201d pulse el bot\u00f3n \u201cFinalizar\u201d.<\/p>\n<p>8.- Se mostrar\u00e1 una ventana de confirmaci\u00f3n de que la importaci\u00f3n de certificados se complet\u00f3 correctamente, pulse el bot\u00f3n \u201cAceptar\u201d.<\/p>\n<p>9.- Se mostrar\u00e1 la ventana denominada \u201cCertificado\u201d, para finalizar pulse el bot\u00f3n \u201cAceptar\u201d, con lo que finalmente queda instalado el certificado de la <a href=\"http:\/\/firmaelectronica.hidalgo.gob.mx\/\" target=\"_blank\" rel=\"noopener\">Autoridad Certificadora de Firma Electr\u00f3nica Avanzada del Estado de Hidalgo<\/a>.<\/p>\n<p>&nbsp;<\/p>\n<hr \/>\n<p>&nbsp;<\/p>\n<p style=\"text-align: center;\"><strong>CONFIGURACI\u00d3N DE ADOBE READER PARA QUE CONF\u00cdE EN EL CERTIFICADO RAIZ DEL CERTIFICADO DE FIRMA<\/strong><\/p>\n<p>&nbsp;<\/p>\n<hr \/>\n<p>1.- Abrir un documento de PDF.<\/p>\n<p>2.- Seleccionar la ficha de firmas, bien eligiendo del men\u00fa principal \u201cVer\u201d &gt; \u201cMostrar\/ocultar\u201d &gt; \u201cPaneles de navegaci\u00f3n\u201d &gt; \u201cFirmas\u201d.<\/p>\n<p>O bien seleccionando la ficha \u201cFirmas\u201d que se muestra en la parte izquierda del documento.<\/p>\n<p>Seleccionar la firma, (se mostrar\u00e1 el icono o uno similar, junto a la firma para indicar que la identidad del firmante es desconocida porque no se ha incluido en la lista de identidades de confianza y ninguno de sus certificados principales es una identidad de confianza).<\/p>\n<p>3.- Una vez seleccionada la firma, pulsar el bot\u00f3n derecho del rat\u00f3n y elegir la opci\u00f3n \u201cMostrar propiedades de la firma&#8230;\u201d del men\u00fa que se despliega. Elegir el bot\u00f3n \u201cmostrar certificado\u201d.<\/p>\n<p>4.- Se abrir\u00e1 una nueva ventana, \u201cVisor de certificados\u201d, en la que se muestra en el panel de la izquierda la lista de certificados que componen la ruta de certificaci\u00f3n completa. Seleccionar el certificado ra\u00edz (el primero en la jerarqu\u00eda). Despu\u00e9s seleccionar la pesta\u00f1a \u201cConfianza\u201d y pulsar el bot\u00f3n \u201cAgregar a certificados de confianza&#8230;\u201d<\/p>\n<p>5.- Se abre una nueva ventana denominada, \u201cImportar configuraci\u00f3n de contactos\u201d, en ella, marcar en la casilla \u201cUtilizar este certificado como ra\u00edz de confianza\u201d y luego pulsar el bot\u00f3n \u201cAceptar\u201d, pulsar el bot\u00f3n \u201cCerrar\u201d con ello ha agregado el certificado como ra\u00edz de confianza.<\/p>\n","protected":false},"excerpt":{"rendered":"<p>&nbsp; &nbsp; &nbsp; CONFIGURACI\u00d3N DE ADOBE READER PARA LA VALIDACI\u00d3N DE LA FIRMA DEL DOCUMENTO &nbsp; Para la validaci\u00f3n de la firma electr\u00f3nica es necesario, en primer lugar, instalar el [&hellip;]<\/p>\n","protected":false},"author":1,"featured_media":0,"parent":0,"menu_order":0,"comment_status":"closed","ping_status":"closed","template":"","meta":{"footnotes":""},"class_list":["post-29843","page","type-page","status-publish","hentry"],"_links":{"self":[{"href":"https:\/\/periodico.hidalgo.gob.mx\/index.php?rest_route=\/wp\/v2\/pages\/29843","targetHints":{"allow":["GET"]}}],"collection":[{"href":"https:\/\/periodico.hidalgo.gob.mx\/index.php?rest_route=\/wp\/v2\/pages"}],"about":[{"href":"https:\/\/periodico.hidalgo.gob.mx\/index.php?rest_route=\/wp\/v2\/types\/page"}],"author":[{"embeddable":true,"href":"https:\/\/periodico.hidalgo.gob.mx\/index.php?rest_route=\/wp\/v2\/users\/1"}],"replies":[{"embeddable":true,"href":"https:\/\/periodico.hidalgo.gob.mx\/index.php?rest_route=%2Fwp%2Fv2%2Fcomments&post=29843"}],"version-history":[{"count":0,"href":"https:\/\/periodico.hidalgo.gob.mx\/index.php?rest_route=\/wp\/v2\/pages\/29843\/revisions"}],"wp:attachment":[{"href":"https:\/\/periodico.hidalgo.gob.mx\/index.php?rest_route=%2Fwp%2Fv2%2Fmedia&parent=29843"}],"curies":[{"name":"wp","href":"https:\/\/api.w.org\/{rel}","templated":true}]}}