{"id":21635,"date":"2018-07-29T17:11:43","date_gmt":"2018-07-29T22:11:43","guid":{"rendered":"https:\/\/periodico.hidalgo.gob.mx\/?page_id=21635"},"modified":"2021-07-30T15:27:03","modified_gmt":"2021-07-30T20:27:03","slug":"tramites-y-servicios","status":"publish","type":"page","link":"https:\/\/periodico.hidalgo.gob.mx\/?page_id=21635","title":{"rendered":"Tr\u00e1mites"},"content":{"rendered":"\n<table id=\"tablepress-17\" class=\"tablepress tablepress-id-17\">\n<thead>\n<tr class=\"row-1\">\n\t<th class=\"column-1\">Tramite<\/th><td class=\"column-2\"><\/td>\n<\/tr>\n<\/thead>\n<tbody class=\"row-striping row-hover\">\n<tr class=\"row-2\">\n\t<td class=\"column-1\">Publicaci\u00f3n en el Peri\u00f3dico Oficial de Avisos Judiciales que deber\u00e1n publicarse por disposici\u00f3n de Ley.<\/td><td class=\"column-2\"><a href=\"http:\/\/ruts.hidalgo.gob.mx\/ver\/1259\">Visualice aqu\u00ed<\/a><\/td>\n<\/tr>\n<tr class=\"row-3\">\n\t<td class=\"column-1\">Publicaciones en el Peri\u00f3dico Oficial, que se realizan por una Plana y Media Plana.<\/td><td class=\"column-2\"><a href=\"http:\/\/ruts.hidalgo.gob.mx\/ver\/1260\" rel=\"noopener\" target=\"_blank\">Visualice aqu\u00ed<\/a><\/td>\n<\/tr>\n<tr class=\"row-4\">\n\t<td class=\"column-1\">Suscripci\u00f3n al Peri\u00f3dico Oficial, por ejercicio fiscal vigente.<\/td><td class=\"column-2\"><a href=\"http:\/\/ruts.hidalgo.gob.mx\/ver\/1261\" rel=\"noopener\" target=\"_blank\">Visualice aqu\u00ed<\/a><\/td>\n<\/tr>\n<tr class=\"row-5\">\n\t<td class=\"column-1\">Publicaci\u00f3n en el Peri\u00f3dico Oficial, que realizan los Municipios de instrumentos legales.<\/td><td class=\"column-2\"><a href=\"http:\/\/ruts.hidalgo.gob.mx\/ver\/1264\" rel=\"noopener\" target=\"_blank\">Visualice aqu\u00ed<\/a><\/td>\n<\/tr>\n<tr class=\"row-6\">\n\t<td class=\"column-1\">Expedici\u00f3n del Peri\u00f3dico Oficial.<\/td><td class=\"column-2\"><a href=\"http:\/\/ruts.hidalgo.gob.mx\/ver\/1590\" rel=\"noopener\" target=\"_blank\">Visualice aqu\u00ed<\/a><\/td>\n<\/tr>\n<tr class=\"row-7\">\n\t<td class=\"column-1\">Por la certificaci\u00f3n, expedici\u00f3n y entrega de un ejemplar del Peri\u00f3dico Oficial del Estado.<\/td><td class=\"column-2\"><a href=\"http:\/\/ruts.hidalgo.gob.mx\/ver\/5572\" rel=\"noopener\" target=\"_blank\">Visualice aqu\u00ed<\/a><\/td>\n<\/tr>\n<\/tbody>\n<\/table>\n<!-- #tablepress-17 from cache -->\n","protected":false},"excerpt":{"rendered":"","protected":false},"author":1,"featured_media":0,"parent":0,"menu_order":0,"comment_status":"closed","ping_status":"closed","template":"","meta":{"footnotes":""},"class_list":["post-21635","page","type-page","status-publish","hentry"],"_links":{"self":[{"href":"https:\/\/periodico.hidalgo.gob.mx\/index.php?rest_route=\/wp\/v2\/pages\/21635","targetHints":{"allow":["GET"]}}],"collection":[{"href":"https:\/\/periodico.hidalgo.gob.mx\/index.php?rest_route=\/wp\/v2\/pages"}],"about":[{"href":"https:\/\/periodico.hidalgo.gob.mx\/index.php?rest_route=\/wp\/v2\/types\/page"}],"author":[{"embeddable":true,"href":"https:\/\/periodico.hidalgo.gob.mx\/index.php?rest_route=\/wp\/v2\/users\/1"}],"replies":[{"embeddable":true,"href":"https:\/\/periodico.hidalgo.gob.mx\/index.php?rest_route=%2Fwp%2Fv2%2Fcomments&post=21635"}],"version-history":[{"count":0,"href":"https:\/\/periodico.hidalgo.gob.mx\/index.php?rest_route=\/wp\/v2\/pages\/21635\/revisions"}],"wp:attachment":[{"href":"https:\/\/periodico.hidalgo.gob.mx\/index.php?rest_route=%2Fwp%2Fv2%2Fmedia&parent=21635"}],"curies":[{"name":"wp","href":"https:\/\/api.w.org\/{rel}","templated":true}]}}