{"id":21476,"date":"2018-05-09T00:02:13","date_gmt":"2018-05-09T05:02:13","guid":{"rendered":"https:\/\/periodico.hidalgo.gob.mx\/?page_id=21476"},"modified":"2018-05-09T00:02:13","modified_gmt":"2018-05-09T05:02:13","slug":"repomex-directorio-de-titulares","status":"publish","type":"page","link":"https:\/\/periodico.hidalgo.gob.mx\/?page_id=21476","title":{"rendered":"REPOMEX: Directorio de Titulares"},"content":{"rendered":"\n<table id=\"tablepress-16\" class=\"tablepress tablepress-id-16\">\n<thead>\n<tr class=\"row-1\">\n\t<th class=\"column-1\">No.<\/th><th class=\"column-2\">Portal web<\/th><th class=\"column-3\">T\u00edtular<\/th>\n<\/tr>\n<\/thead>\n<tbody class=\"row-striping row-hover\">\n<tr class=\"row-2\">\n\t<td class=\"column-1\">01<\/td><td class=\"column-2\"><a href=\"http:\/\/eservicios.aguascalientes.gob.mx\/servicios\/PeriodicoOficial2009\/\" target=\"_blank\">Peri\u00f3dico Oficial del Estado de Aguascalientes<\/a><\/td><td class=\"column-3\">Lic. Hector Eugenio Hern\u00e1ndez Romo<\/td>\n<\/tr>\n<tr class=\"row-3\">\n\t<td class=\"column-1\">02<\/td><td class=\"column-2\"><a href=\"http:\/\/www.bajacalifornia.gob.mx\/portal\/gobierno\/periodico_indice.jsp\" target=\"_blank\">Peri\u00f3dico oficial del Estado de Baja California<\/a><\/td><td class=\"column-3\">Lic. Izza Zuzzet L\u00f3pez Meza<\/td>\n<\/tr>\n<tr class=\"row-4\">\n\t<td class=\"column-1\">03<\/td><td class=\"column-2\"><a href=\"http:\/\/legislacion.vlex.com.mx\/source\/11244\" target=\"_blank\">Bolet\u00edn Oficial del Estado de Baja California Sur<\/a><\/td><td class=\"column-3\">C. Cipriano Armando Cese\u00f1a Cosio<\/td>\n<\/tr>\n<tr class=\"row-5\">\n\t<td class=\"column-1\">04<\/td><td class=\"column-2\"><a href=\"http:\/\/periodicooficial.campeche.gob.mx\/PortalDok\/PortalDok.aspx\" target=\"_blank\">Peri\u00f3dico Oficial del Estado de Campeche<\/a><\/td><td class=\"column-3\">Lic. Guadalupe del Rocio Mena Santos<\/td>\n<\/tr>\n<tr class=\"row-6\">\n\t<td class=\"column-1\">05<\/td><td class=\"column-2\"><a href=\"http:\/\/periodico.sfpcoahuila.gob.mx\/default.php\" target=\"_blank\">Peri\u00f3dico Oficial del Estado de Coahuila de Zaragoza<\/a><\/td><td class=\"column-3\">Mtro. Gabriela Alejandra De La Cruz Rivas<\/td>\n<\/tr>\n<tr class=\"row-7\">\n\t<td class=\"column-1\">06<\/td><td class=\"column-2\"><a href=\"http:\/\/www.colima-estado.gob.mx\/periodico\/indexperi.php\" target=\"_blank\">Peri\u00f3dico Oficial del Estado de Colima<\/a><\/td><td class=\"column-3\">Lic. Adriana Amador Ramirez<\/td>\n<\/tr>\n<tr class=\"row-8\">\n\t<td class=\"column-1\">07<\/td><td class=\"column-2\"><a href=\"http:\/\/www.haciendachiapas.gob.mx\/marco-juridico\/Estatal\/Periodico.asp\" target=\"_blank\">Peri\u00f3dico Oficial del Estado de Chiapas<\/a><\/td><td class=\"column-3\">Lic. Esteban Cardenas Zeobek Sacristan<\/td>\n<\/tr>\n<tr class=\"row-9\">\n\t<td class=\"column-1\">08<\/td><td class=\"column-2\"><a href=\"http:\/\/www.chihuahua.gob.mx\/periodicooficial\" target=\"_blank\">Peri\u00f3dico Oficial del Estado de Chihuahua<\/a><\/td><td class=\"column-3\">Lic. Julia Rosas Vidal Maldonado<\/td>\n<\/tr>\n<tr class=\"row-10\">\n\t<td class=\"column-1\">09<\/td><td class=\"column-2\"><a href=\"http:\/\/secretariageneral.durango.gob.mx\/es\/periodico_oficial\/\" target=\"_blank\">Peri\u00f3dico Oficial del Estado de Durango<\/a><\/td><td class=\"column-3\">L.A. Ana Isabel Jacquez Dom\u00ednguez <\/td>\n<\/tr>\n<tr class=\"row-11\">\n\t<td class=\"column-1\">10<\/td><td class=\"column-2\"><a href=\"http:\/\/periodico.guanajuato.gob.mx\/\" target=\"_blank\">Peri\u00f3dico Oficial del Estado de Guanajuato<\/a><\/td><td class=\"column-3\">Mtra. Karla Patricia Cruz G\u00f3mez<\/td>\n<\/tr>\n<tr class=\"row-12\">\n\t<td class=\"column-1\">11<\/td><td class=\"column-2\"><a href=\"http:\/\/periodicooficial.guerrero.gob.mx\/\" target=\"_blank\">Peri\u00f3dico Oficial del Estado de Guerrero<\/a><\/td><td class=\"column-3\">Lic. Pedro Julio Valdez Tellez<\/td>\n<\/tr>\n<tr class=\"row-13\">\n\t<td class=\"column-1\">12<\/td><td class=\"column-2\"><a href=\"https:\/\/periodico.hidalgo.gob.mx\/\" target=\"_blank\">Peri\u00f3dico Oficial del Estado de Hidalgo<\/a><\/td><td class=\"column-3\">L.I. Gustavo Cordoba Ruiz<\/td>\n<\/tr>\n<tr class=\"row-14\">\n\t<td class=\"column-1\">13<\/td><td class=\"column-2\"><a href=\"http:\/\/periodicooficial.jalisco.gob.mx\/\" target=\"_blank\">Peri\u00f3dico Oficial del Estado de Jalisco<\/a><\/td><td class=\"column-3\">Dr. Alvaro Ascencio Tene<\/td>\n<\/tr>\n<tr class=\"row-15\">\n\t<td class=\"column-1\">14<\/td><td class=\"column-2\"><a href=\"http:\/\/legislacion.edomex.gob.mx\/ve_periodico_oficial\" target=\"_blank\">Gaceta del Gobierno del Estado de M\u00e9xico<\/a><\/td><td class=\"column-3\">Lic. Aar\u00f3n Navas Alvarez<\/td>\n<\/tr>\n<tr class=\"row-16\">\n\t<td class=\"column-1\">15<\/td><td class=\"column-2\"><a href=\"http:\/\/www.periodicooficial.michoacan.gob.mx\/\" target=\"_blank\">Peri\u00f3dico Oficial del Estado de Michoac\u00e1n<\/a><\/td><td class=\"column-3\">Lic. Jos\u00e9 Ju\u00e1rez Valdovinos<\/td>\n<\/tr>\n<tr class=\"row-17\">\n\t<td class=\"column-1\">16<\/td><td class=\"column-2\"><a href=\"http:\/\/periodico.morelos.gob.mx\/\" target=\"_blank\">Peri\u00f3dico Oficial del Estado de Morelos<\/a><\/td><td class=\"column-3\">Lic. Mar\u00eda Esmeralda Casta\u00f1\u00f3n Gonz\u00e1lez<\/td>\n<\/tr>\n<tr class=\"row-18\">\n\t<td class=\"column-1\">17<\/td><td class=\"column-2\"><a href=\"http:\/\/sgg.nayarit.gob.mx\/periodico_oficial\/\" target=\"_blank\">Peri\u00f3dico Oficial del Estado de Nayarit<\/a><\/td><td class=\"column-3\">Lic. Vicberto Romero Mora<\/td>\n<\/tr>\n<tr class=\"row-19\">\n\t<td class=\"column-1\">18<\/td><td class=\"column-2\"><a href=\"http:\/\/www.nl.gob.mx\/publicaciones\/periodico-oficial?P=periodico_oficial#\" target=\"_blank\">Peri\u00f3dico Oficial del Estado de Nuevo Le\u00f3n<\/a><\/td><td class=\"column-3\">Lic. Ver\u00f3nica Davila Moya<\/td>\n<\/tr>\n<tr class=\"row-20\">\n\t<td class=\"column-1\">19<\/td><td class=\"column-2\"><a href=\"http:\/\/www.periodicooficial.oaxaca.gob.mx\/index.php\" target=\"_blank\">Peri\u00f3dico Oficial del Estado de Oaxaca<\/a><\/td><td class=\"column-3\">Lic. Pablo Gabriel Arnaud Rios<\/td>\n<\/tr>\n<tr class=\"row-21\">\n\t<td class=\"column-1\">20<\/td><td class=\"column-2\"><a href=\"http:\/\/www.ojp.puebla.gob.mx\/\" target=\"_blank\">Peri\u00f3dico Oficial del Estado de Puebla<\/a><\/td><td class=\"column-3\">Lic. Marcelino God\u00ednez Marinezs<br \/>\n<\/td>\n<\/tr>\n<tr class=\"row-22\">\n\t<td class=\"column-1\">21<\/td><td class=\"column-2\"><a href=\"http:\/\/www2.queretaro.gob.mx\/disco2\/servicios\/LaSombradeArteaga\/\" target=\"_blank\">Peri\u00f3dico Oficial del Estado de Quer\u00e9taro<\/a><\/td><td class=\"column-3\">Dr. Jorge Serrano Ceballos<br \/>\n<\/td>\n<\/tr>\n<tr class=\"row-23\">\n\t<td class=\"column-1\">22<\/td><td class=\"column-2\"><a href=\"http:\/\/po.qroo.gob.mx\/portal\/index.php\" target=\"_blank\">Peri\u00f3dico Oficial del Estado de Quintana Roo<\/a><\/td><td class=\"column-3\">Mtro. Jos\u00e9 Antonio Baron Aguilar<br \/>\n<\/td>\n<\/tr>\n<tr class=\"row-24\">\n\t<td class=\"column-1\">23<\/td><td class=\"column-2\"><a href=\"http:\/\/apps.slp.gob.mx\/po\/\" target=\"_blank\">Peri\u00f3dico Oficial del Estado de San Luis Potos\u00ed<\/a><\/td><td class=\"column-3\">Mtro. Oscar Iv\u00e1n Le\u00f3n Calvo<br \/>\n<\/td>\n<\/tr>\n<tr class=\"row-25\">\n\t<td class=\"column-1\">24<\/td><td class=\"column-2\"><a href=\"http:\/\/strc.transparenciasinaloa.gob.mx\/poes\/\" target=\"_blank\">Peri\u00f3dico Oficial del Estado de Sinaloa<\/a><\/td><td class=\"column-3\">Mtro. Christopher Cossio Guerrero<br \/>\n<\/td>\n<\/tr>\n<tr class=\"row-26\">\n\t<td class=\"column-1\">25<\/td><td class=\"column-2\"><a href=\"http:\/\/www.boletinoficial.sonora.gob.mx\/\" target=\"_blank\">Bolet\u00edn Oficial del Estado de Sonora<\/a><\/td><td class=\"column-3\">Lic. Ra\u00fal Renter\u00eda Villa<br \/>\n<\/td>\n<\/tr>\n<tr class=\"row-27\">\n\t<td class=\"column-1\">26<\/td><td class=\"column-2\"><a href=\"http:\/\/segob.tabasco.gob.mx\/periodicos_oficiales\" target=\"_blank\">Peri\u00f3dico Oficial del Estado de Tabasco<\/a><\/td><td class=\"column-3\">Lic. Jorge Alberto Cornelio Maldonado<br \/>\n<\/td>\n<\/tr>\n<tr class=\"row-28\">\n\t<td class=\"column-1\">27<\/td><td class=\"column-2\"><a href=\"http:\/\/po.tamaulipas.gob.mx\/\" target=\"_blank\">Peri\u00f3dico Oficial del Estado de Tamaulipas<\/a><\/td><td class=\"column-3\">Lic. Beatriz Rebeca Guti\u00e9rrez Verastegui<br \/>\n<\/td>\n<\/tr>\n<tr class=\"row-29\">\n\t<td class=\"column-1\">28<\/td><td class=\"column-2\"><a href=\"http:\/\/periodico.tlaxcala.gob.mx\/\" target=\"_blank\">Peri\u00f3dico Oficial del Estado de Tlaxcala<\/a><\/td><td class=\"column-3\">Lic. Efrain Montiel Teacalco<br \/>\n<\/td>\n<\/tr>\n<tr class=\"row-30\">\n\t<td class=\"column-1\">29<\/td><td class=\"column-2\"><a href=\"http:\/\/www.editoraveracruz.gob.mx\/gacetaOficial.php\" target=\"_blank\">Gaceta Oficial del Estado de Veracruz<\/a><\/td><td class=\"column-3\">Lic. Ignacio Paz Serrano <br \/>\n<\/td>\n<\/tr>\n<tr class=\"row-31\">\n\t<td class=\"column-1\">30<\/td><td class=\"column-2\"><a href=\"http:\/\/www.yucatan.gob.mx\/gobierno\/diario_oficial.php\" target=\"_blank\">Diario Oficial del Estado del Estado de Yucat\u00e1n<\/a><\/td><td class=\"column-3\">Lic. Alfredo Teyer Mercado<br \/>\n<\/td>\n<\/tr>\n<tr class=\"row-32\">\n\t<td class=\"column-1\">31<\/td><td class=\"column-2\"><a href=\"http:\/\/periodico.zacatecas.gob.mx\/\" target=\"_blank\">Peri\u00f3dico Oficial del Estado de Zacatecas<\/a><\/td><td class=\"column-3\">C. Andr\u00e9s Arce Pantoja<br \/>\n<\/td>\n<\/tr>\n<tr class=\"row-33\">\n\t<td class=\"column-1\">32<\/td><td class=\"column-2\"><a href=\"http:\/\/www.cdmx.gob.mx\/gobierno\/gaceta\" target=\"_blank\">Gaceta Oficial de la Ciudad de M\u00e9xico<\/a><\/td><td class=\"column-3\">Lic. Flavio Mar\u00ednez Zavala<br \/>\n<\/td>\n<\/tr>\n<\/tbody>\n<\/table>\n<!-- #tablepress-16 from cache -->\n","protected":false},"excerpt":{"rendered":"","protected":false},"author":1,"featured_media":0,"parent":0,"menu_order":0,"comment_status":"closed","ping_status":"closed","template":"","meta":{"footnotes":""},"class_list":["post-21476","page","type-page","status-publish","hentry"],"_links":{"self":[{"href":"https:\/\/periodico.hidalgo.gob.mx\/index.php?rest_route=\/wp\/v2\/pages\/21476","targetHints":{"allow":["GET"]}}],"collection":[{"href":"https:\/\/periodico.hidalgo.gob.mx\/index.php?rest_route=\/wp\/v2\/pages"}],"about":[{"href":"https:\/\/periodico.hidalgo.gob.mx\/index.php?rest_route=\/wp\/v2\/types\/page"}],"author":[{"embeddable":true,"href":"https:\/\/periodico.hidalgo.gob.mx\/index.php?rest_route=\/wp\/v2\/users\/1"}],"replies":[{"embeddable":true,"href":"https:\/\/periodico.hidalgo.gob.mx\/index.php?rest_route=%2Fwp%2Fv2%2Fcomments&post=21476"}],"version-history":[{"count":0,"href":"https:\/\/periodico.hidalgo.gob.mx\/index.php?rest_route=\/wp\/v2\/pages\/21476\/revisions"}],"wp:attachment":[{"href":"https:\/\/periodico.hidalgo.gob.mx\/index.php?rest_route=%2Fwp%2Fv2%2Fmedia&parent=21476"}],"curies":[{"name":"wp","href":"https:\/\/api.w.org\/{rel}","templated":true}]}}