{"id":176,"date":"2014-10-03T12:36:56","date_gmt":"2014-10-03T17:36:56","guid":{"rendered":"https:\/\/periodico.hidalgo.gob.mx\/?page_id=176"},"modified":"2024-07-02T11:08:31","modified_gmt":"2024-07-02T17:08:31","slug":"procedimiento-para-publicar","status":"publish","type":"page","link":"https:\/\/periodico.hidalgo.gob.mx\/?page_id=176","title":{"rendered":"Lineamientos para publicar"},"content":{"rendered":"<hr \/>\n<p style=\"text-align: justify;\">Todos los entes a publicar en el Peri\u00f3dico Oficial deber\u00e1n contemplar los siguientes requisitos para la inserci\u00f3n en la publicaci\u00f3n semanal, los cuales deber\u00e1n venir acompa\u00f1ados del documento original y acuse correspondiente adem\u00e1s de su documento en formato electr\u00f3nico editable con las siguientes caracter\u00edsticas:<\/p>\n\n<table id=\"tablepress-8\" class=\"tablepress tablepress-id-8\">\n<thead>\n<tr class=\"row-1\">\n\t<th class=\"column-1\">Secci\u00f3n<\/th><th class=\"column-2\">Especificaciones<\/th>\n<\/tr>\n<\/thead>\n<tbody class=\"row-striping row-hover\">\n<tr class=\"row-2\">\n\t<td class=\"column-1\">DEL TEXTO<\/td><td class=\"column-2\">Documento en formato electr\u00f3nico de Word 2007 o superior (*.docx)<br \/>\n<br \/>\nTama\u00f1o carta vertical<br \/>\n<br \/>\nTipo de letra arial<br \/>\n<br \/>\nTextos 10 Puntos<br \/>\n<br \/>\nSin color de fondo<br \/>\n<br \/>\nSin Cuadros de texto<br \/>\n<br \/>\nSin Wordart<br \/>\n<br \/>\nSin estilo<br \/>\n<br \/>\nCon numeraci\u00f3n y vi\u00f1etas escritos manualmente y no generados autom\u00e1ticamente<br \/>\n<br \/>\nSin temas<br \/>\n<br \/>\nSin control de cambios<br \/>\n<br \/>\nSin logotipos y\/o sellos<\/td>\n<\/tr>\n<tr class=\"row-3\">\n\t<td class=\"column-1\">DE LAS TABLAS<\/td><td class=\"column-2\">Creada directamente en Word o Insertadas en el documento y provenientes de Excel<br \/>\n<br \/>\nEditables y no im\u00e1genes<br \/>\n<br \/>\nT\u00edtulos de tablas 9 Puntos<br \/>\n<br \/>\nTextos de tablas 8 Puntos<br \/>\n<br \/>\nTablas y\/o celdas sin color de fondo, acomodados en formato vertical<\/td>\n<\/tr>\n<tr class=\"row-4\">\n\t<td class=\"column-1\">DE LAS IM\u00c1GENES<br \/>\n<br \/>\n<\/td><td class=\"column-2\">Incrustadas en el \u00e1rea que le corresponde del documento y que provenga de archivo jpeg<br \/>\n<br \/>\nResoluci\u00f3n de origen de 600 dpi<br \/>\n<br \/>\nAjuste de la imagen con relaci\u00f3n al texto \u201cen l\u00ednea con el texto\u201d<\/td>\n<\/tr>\n<tr class=\"row-5\">\n\t<td class=\"column-1\">DE LOS GR\u00c1FICOS<br \/>\n<br \/>\n<\/td><td class=\"column-2\">Los gr\u00e1ficos deber\u00e1n venir incrustados y contener los datos generadores del gr\u00e1fico<br \/>\n<br \/>\nEl contenido de Word a publicar deber\u00e1 ir inmerso en un \u00fanico documento de Word.<br \/>\n<br \/>\nPor ning\u00fan motivo se recibir\u00e1n documentos escaneados.<br \/>\n<br \/>\nLa ortograf\u00eda y gram\u00e1tica es responsabilidad del \u00e1rea generadora del documento<br \/>\n<br \/>\nEl nombre del archivo digital deber\u00e1 hacer alusi\u00f3n al contenido a publicar y al ente emisor.<br \/>\n<br \/>\nLlenado de orden de impresi\u00f3n.<\/td>\n<\/tr>\n<\/tbody>\n<\/table>\n<!-- #tablepress-8 from cache -->\n<p>Ser\u00e1 recibido en un \u00fanico documento de word para su publicaci\u00f3n.<\/p>\n<p style=\"text-align: center;\"><strong>Cierre de edici\u00f3n los d\u00edas mi\u00e9rcoles 14:30 hrs.<\/strong><\/p>\n<p>&nbsp;<\/p>\n<p style=\"text-align: center;\"><a href=\"https:\/\/periodico.hidalgo.gob.mx\/?page_id=20195\"><strong>Conoce el procedimiento para publicar<\/strong><\/a><\/p>\n","protected":false},"excerpt":{"rendered":"<p>Todos los entes a publicar en el Peri\u00f3dico Oficial deber\u00e1n contemplar los siguientes requisitos para la inserci\u00f3n en la publicaci\u00f3n semanal, los cuales deber\u00e1n venir acompa\u00f1ados del documento original y [&hellip;]<\/p>\n","protected":false},"author":1,"featured_media":0,"parent":0,"menu_order":0,"comment_status":"closed","ping_status":"closed","template":"","meta":{"footnotes":""},"class_list":["post-176","page","type-page","status-publish","hentry"],"_links":{"self":[{"href":"https:\/\/periodico.hidalgo.gob.mx\/index.php?rest_route=\/wp\/v2\/pages\/176","targetHints":{"allow":["GET"]}}],"collection":[{"href":"https:\/\/periodico.hidalgo.gob.mx\/index.php?rest_route=\/wp\/v2\/pages"}],"about":[{"href":"https:\/\/periodico.hidalgo.gob.mx\/index.php?rest_route=\/wp\/v2\/types\/page"}],"author":[{"embeddable":true,"href":"https:\/\/periodico.hidalgo.gob.mx\/index.php?rest_route=\/wp\/v2\/users\/1"}],"replies":[{"embeddable":true,"href":"https:\/\/periodico.hidalgo.gob.mx\/index.php?rest_route=%2Fwp%2Fv2%2Fcomments&post=176"}],"version-history":[{"count":0,"href":"https:\/\/periodico.hidalgo.gob.mx\/index.php?rest_route=\/wp\/v2\/pages\/176\/revisions"}],"wp:attachment":[{"href":"https:\/\/periodico.hidalgo.gob.mx\/index.php?rest_route=%2Fwp%2Fv2%2Fmedia&parent=176"}],"curies":[{"name":"wp","href":"https:\/\/api.w.org\/{rel}","templated":true}]}}