{"id":169,"date":"2014-10-03T12:32:50","date_gmt":"2014-10-03T17:32:50","guid":{"rendered":"https:\/\/periodico.hidalgo.gob.mx\/?page_id=169"},"modified":"2026-02-05T11:21:23","modified_gmt":"2026-02-05T17:21:23","slug":"tarifas","status":"publish","type":"page","link":"https:\/\/periodico.hidalgo.gob.mx\/?page_id=169","title":{"rendered":"Tarifas"},"content":{"rendered":"<hr \/>\n<p style=\"text-align: center;\">Tarifas del Peri\u00f3dico Oficial para el ejercicio fiscal 2026<\/p>\n<p style=\"text-align: center;\">vigente hasta el 30 de enero de 2027<\/p>\n<p style=\"text-align: center;\"><strong>Cuotas vigentes<br \/>\n<\/strong><\/p>\n<p>&nbsp;<\/p>\n<p style=\"text-align: center;\"><strong>LEY ESTATAL DE DERECHOS<\/strong><\/p>\n<p style=\"text-align: center;\"><strong> DEL PERI\u00d3DICO OFICIAL DEL ESTADO<\/strong><\/p>\n<p>&nbsp;<\/p>\n<p>ART\u00cdCULO 27.- Los derechos por la prestaci\u00f3n de los servicios del Estado, a trav\u00e9s del Peri\u00f3dico Oficial del Estado, se pagar\u00e1n de acuerdo con lo siguiente:<\/p>\n\n<table id=\"tablepress-7\" class=\"tablepress tablepress-id-7\">\n<thead>\n<tr class=\"row-1\">\n\t<th class=\"column-1\">Fracci\u00f3n<\/th><th class=\"column-2\">Tarifa<\/th><th class=\"column-3\">Costo<\/th>\n<\/tr>\n<\/thead>\n<tbody class=\"row-striping row-hover\">\n<tr class=\"row-2\">\n\t<td class=\"column-1\">I.- Por publicaci\u00f3n de avisos y documentos que deber\u00e1n hacerse por disposici\u00f3n de Ley, correspondientes a remates, edictos y avisos diversos:<\/td><td class=\"column-2\"><\/td><td class=\"column-3\"><\/td>\n<\/tr>\n<tr class=\"row-3\">\n\t<td class=\"column-1\">a).- Por una sola vez<\/td><td class=\"column-2\">4 u.m.a.\u2019s<\/td><td class=\"column-3\">$469.00<\/td>\n<\/tr>\n<tr class=\"row-4\">\n\t<td class=\"column-1\">b).- Por dos veces<\/td><td class=\"column-2\">8 u.m.a.\u2019s<\/td><td class=\"column-3\">$938.00<\/td>\n<\/tr>\n<tr class=\"row-5\">\n\t<td class=\"column-1\">c).- Por tres veces<\/td><td class=\"column-2\">12 u.m.a.\u2019s<\/td><td class=\"column-3\">$1,408.00<\/td>\n<\/tr>\n<tr class=\"row-6\">\n\t<td class=\"column-1\">II.- Por las publicaciones en el Peri\u00f3dico Oficial, hasta media plana<\/td><td class=\"column-2\">5.5 u.m.a.\u2019s<\/td><td class=\"column-3\">$645.00<\/td>\n<\/tr>\n<tr class=\"row-7\">\n\t<td class=\"column-1\">III.- Por la publicaci\u00f3n en el Peri\u00f3dico Oficial, hasta una plana<\/td><td class=\"column-2\">11 u.m.a.\u2019s<\/td><td class=\"column-3\">$1,290.00<\/td>\n<\/tr>\n<tr class=\"row-8\">\n\t<td class=\"column-1\">III BIS.- Por la publicaci\u00f3n directa de municipios del Estado en el Peri\u00f3dico Oficial, hasta una plana respecto \u00fanicamente de sus instrumentos legales, necesarios para mantener sus marcos jur\u00eddicos actualizados, exceptuando de este beneficio convocatorias a licitaci\u00f3n p\u00fablica as\u00ed como todo los referente a los procesos de licitaci\u00f3n<\/td><td class=\"column-2\">3.5 u.m.a.\u2019s<\/td><td class=\"column-3\">$411.00<\/td>\n<\/tr>\n<tr class=\"row-9\">\n\t<td class=\"column-1\">VI.- V.- Por la certificaci\u00f3n, expedici\u00f3n y entrega de un ejemplar del Peri\u00f3dico Oficial del Estado<\/td><td class=\"column-2\">0.75 u.m.a.\u2019s<\/td><td class=\"column-3\">$88.00<\/td>\n<\/tr>\n<\/tbody>\n<\/table>\n<!-- #tablepress-7 from cache -->\n","protected":false},"excerpt":{"rendered":"<p>Tarifas del Peri\u00f3dico Oficial para el ejercicio fiscal 2026 vigente hasta el 30 de enero de 2027 Cuotas vigentes &nbsp; LEY ESTATAL DE DERECHOS DEL PERI\u00d3DICO OFICIAL DEL ESTADO &nbsp; [&hellip;]<\/p>\n","protected":false},"author":1,"featured_media":0,"parent":0,"menu_order":0,"comment_status":"closed","ping_status":"closed","template":"","meta":{"footnotes":""},"class_list":["post-169","page","type-page","status-publish","hentry"],"_links":{"self":[{"href":"https:\/\/periodico.hidalgo.gob.mx\/index.php?rest_route=\/wp\/v2\/pages\/169","targetHints":{"allow":["GET"]}}],"collection":[{"href":"https:\/\/periodico.hidalgo.gob.mx\/index.php?rest_route=\/wp\/v2\/pages"}],"about":[{"href":"https:\/\/periodico.hidalgo.gob.mx\/index.php?rest_route=\/wp\/v2\/types\/page"}],"author":[{"embeddable":true,"href":"https:\/\/periodico.hidalgo.gob.mx\/index.php?rest_route=\/wp\/v2\/users\/1"}],"replies":[{"embeddable":true,"href":"https:\/\/periodico.hidalgo.gob.mx\/index.php?rest_route=%2Fwp%2Fv2%2Fcomments&post=169"}],"version-history":[{"count":3,"href":"https:\/\/periodico.hidalgo.gob.mx\/index.php?rest_route=\/wp\/v2\/pages\/169\/revisions"}],"predecessor-version":[{"id":149607,"href":"https:\/\/periodico.hidalgo.gob.mx\/index.php?rest_route=\/wp\/v2\/pages\/169\/revisions\/149607"}],"wp:attachment":[{"href":"https:\/\/periodico.hidalgo.gob.mx\/index.php?rest_route=%2Fwp%2Fv2%2Fmedia&parent=169"}],"curies":[{"name":"wp","href":"https:\/\/api.w.org\/{rel}","templated":true}]}}