{"id":149320,"date":"2026-01-01T18:24:01","date_gmt":"2026-01-02T00:24:01","guid":{"rendered":"https:\/\/periodico.hidalgo.gob.mx\/?page_id=149320"},"modified":"2026-01-03T10:22:02","modified_gmt":"2026-01-03T16:22:02","slug":"fiscal-y-administrativo","status":"publish","type":"page","link":"https:\/\/periodico.hidalgo.gob.mx\/?page_id=149320","title":{"rendered":"Reglas de car\u00e1cter general y acuerdos fiscales y administrativos 2026"},"content":{"rendered":"<hr \/>\n<p style=\"text-align: center;\"><strong><span style=\"font-size: 24px;\">Reglas de car\u00e1cter general y acuerdos fiscales y administrativos 2026<\/span><\/strong><\/p>\n<hr \/>\n\n<table id=\"tablepress-78\" class=\"tablepress tablepress-id-78\">\n<thead>\n<tr class=\"row-1\">\n\t<th class=\"column-1\">No.<\/th><th class=\"column-2\">Ordenamiento<\/th><th class=\"column-3\">Link<\/th>\n<\/tr>\n<\/thead>\n<tbody class=\"row-striping row-hover\">\n<tr class=\"row-2\">\n\t<td class=\"column-1\">1<\/td><td class=\"column-2\">Secretar\u00eda de Hacienda.- Reglas de car\u00e1cter general en materia administrativa para el ejercicio fiscal 2026.<\/td><td class=\"column-3\"><a href=\"https:\/\/periodico.hidalgo.gob.mx\/?tribe_events=Periodico-Oficial-Alcance-25-del-31-de-diciembre-de-2025\"><img loading=\"lazy\" decoding=\"async\" src=\"https:\/\/periodico.hidalgo.gob.mx\/wp-content\/uploads\/2018\/11\/html-300x300.png\" alt=\"\" width=\"55\" height=\"55\" class=\"aligncenter size-medium wp-image-25844\" srcset=\"https:\/\/periodico.hidalgo.gob.mx\/wp-content\/uploads\/2018\/11\/html-300x300.png 300w, https:\/\/periodico.hidalgo.gob.mx\/wp-content\/uploads\/2018\/11\/html-150x150.png 150w, https:\/\/periodico.hidalgo.gob.mx\/wp-content\/uploads\/2018\/11\/html-45x45.png 45w, https:\/\/periodico.hidalgo.gob.mx\/wp-content\/uploads\/2018\/11\/html-85x85.png 85w, https:\/\/periodico.hidalgo.gob.mx\/wp-content\/uploads\/2018\/11\/html-80x80.png 80w, https:\/\/periodico.hidalgo.gob.mx\/wp-content\/uploads\/2018\/11\/html-35x35.png 35w, https:\/\/periodico.hidalgo.gob.mx\/wp-content\/uploads\/2018\/11\/html.png 512w\" sizes=\"auto, (max-width: 55px) 100vw, 55px\" \/><\/a><\/td>\n<\/tr>\n<tr class=\"row-3\">\n\t<td class=\"column-1\">2<\/td><td class=\"column-2\">Secretar\u00eda de Hacienda.- Acuerdo por el que se emiten las reglas de car\u00e1cter general en materia fiscal para el ejercicio fiscal 2026.<\/td><td class=\"column-3\"><a href=\"https:\/\/periodico.hidalgo.gob.mx\/?tribe_events=Periodico-Oficial-Alcance-25-del-31-de-diciembre-de-2025\"><img loading=\"lazy\" decoding=\"async\" src=\"https:\/\/periodico.hidalgo.gob.mx\/wp-content\/uploads\/2018\/11\/html-300x300.png\" alt=\"\" width=\"55\" height=\"55\" class=\"aligncenter size-medium wp-image-25844\" srcset=\"https:\/\/periodico.hidalgo.gob.mx\/wp-content\/uploads\/2018\/11\/html-300x300.png 300w, https:\/\/periodico.hidalgo.gob.mx\/wp-content\/uploads\/2018\/11\/html-150x150.png 150w, https:\/\/periodico.hidalgo.gob.mx\/wp-content\/uploads\/2018\/11\/html-45x45.png 45w, https:\/\/periodico.hidalgo.gob.mx\/wp-content\/uploads\/2018\/11\/html-85x85.png 85w, https:\/\/periodico.hidalgo.gob.mx\/wp-content\/uploads\/2018\/11\/html-80x80.png 80w, https:\/\/periodico.hidalgo.gob.mx\/wp-content\/uploads\/2018\/11\/html-35x35.png 35w, https:\/\/periodico.hidalgo.gob.mx\/wp-content\/uploads\/2018\/11\/html.png 512w\" sizes=\"auto, (max-width: 55px) 100vw, 55px\" \/><\/a><\/td>\n<\/tr>\n<tr class=\"row-4\">\n\t<td class=\"column-1\">3<\/td><td class=\"column-2\">Secretar\u00eda de Hacienda.- Reglas de car\u00e1cter general en materia de control vehicular para el ejercicio fiscal 2026 y su anexo 1; Lineamientos de operaci\u00f3n del programa de refrendo vehicular 2026 denominado \u201cCircula Seguro\u201d.<\/td><td class=\"column-3\"><a href=\"https:\/\/periodico.hidalgo.gob.mx\/?tribe_events=Periodico-Oficial-Alcance-25-del-31-de-diciembre-de-2025\"><img loading=\"lazy\" decoding=\"async\" src=\"https:\/\/periodico.hidalgo.gob.mx\/wp-content\/uploads\/2018\/11\/html-300x300.png\" alt=\"\" width=\"55\" height=\"55\" class=\"aligncenter size-medium wp-image-25844\" srcset=\"https:\/\/periodico.hidalgo.gob.mx\/wp-content\/uploads\/2018\/11\/html-300x300.png 300w, https:\/\/periodico.hidalgo.gob.mx\/wp-content\/uploads\/2018\/11\/html-150x150.png 150w, https:\/\/periodico.hidalgo.gob.mx\/wp-content\/uploads\/2018\/11\/html-45x45.png 45w, https:\/\/periodico.hidalgo.gob.mx\/wp-content\/uploads\/2018\/11\/html-85x85.png 85w, https:\/\/periodico.hidalgo.gob.mx\/wp-content\/uploads\/2018\/11\/html-80x80.png 80w, https:\/\/periodico.hidalgo.gob.mx\/wp-content\/uploads\/2018\/11\/html-35x35.png 35w, https:\/\/periodico.hidalgo.gob.mx\/wp-content\/uploads\/2018\/11\/html.png 512w\" sizes=\"auto, (max-width: 55px) 100vw, 55px\" \/><\/a><\/td>\n<\/tr>\n<\/tbody>\n<\/table>\n<!-- #tablepress-78 from cache -->\n","protected":false},"excerpt":{"rendered":"<p>Reglas de car\u00e1cter general y acuerdos fiscales y administrativos 2026<\/p>\n","protected":false},"author":1,"featured_media":0,"parent":0,"menu_order":0,"comment_status":"closed","ping_status":"closed","template":"","meta":{"footnotes":""},"class_list":["post-149320","page","type-page","status-publish","hentry"],"_links":{"self":[{"href":"https:\/\/periodico.hidalgo.gob.mx\/index.php?rest_route=\/wp\/v2\/pages\/149320","targetHints":{"allow":["GET"]}}],"collection":[{"href":"https:\/\/periodico.hidalgo.gob.mx\/index.php?rest_route=\/wp\/v2\/pages"}],"about":[{"href":"https:\/\/periodico.hidalgo.gob.mx\/index.php?rest_route=\/wp\/v2\/types\/page"}],"author":[{"embeddable":true,"href":"https:\/\/periodico.hidalgo.gob.mx\/index.php?rest_route=\/wp\/v2\/users\/1"}],"replies":[{"embeddable":true,"href":"https:\/\/periodico.hidalgo.gob.mx\/index.php?rest_route=%2Fwp%2Fv2%2Fcomments&post=149320"}],"version-history":[{"count":3,"href":"https:\/\/periodico.hidalgo.gob.mx\/index.php?rest_route=\/wp\/v2\/pages\/149320\/revisions"}],"predecessor-version":[{"id":149461,"href":"https:\/\/periodico.hidalgo.gob.mx\/index.php?rest_route=\/wp\/v2\/pages\/149320\/revisions\/149461"}],"wp:attachment":[{"href":"https:\/\/periodico.hidalgo.gob.mx\/index.php?rest_route=%2Fwp%2Fv2%2Fmedia&parent=149320"}],"curies":[{"name":"wp","href":"https:\/\/api.w.org\/{rel}","templated":true}]}}