{"id":144186,"date":"2024-11-12T14:23:33","date_gmt":"2024-11-12T20:23:33","guid":{"rendered":"https:\/\/periodico.hidalgo.gob.mx\/?page_id=144186"},"modified":"2024-11-12T17:14:18","modified_gmt":"2024-11-12T23:14:18","slug":"poder-ejecutivo","status":"publish","type":"page","link":"https:\/\/periodico.hidalgo.gob.mx\/?page_id=144186","title":{"rendered":"Compilaci\u00f3n general del Poder Ejecutivo"},"content":{"rendered":"<hr \/>\n<p style=\"text-align: center;\"><strong><span style=\"font-size: 24px;\">Compilaci\u00f3n general del Poder Ejecutivo<br \/>\n<\/span><\/strong><\/p>\n<hr \/>\n\n<table id=\"tablepress-70\" class=\"tablepress tablepress-id-70\">\n<thead>\n<tr class=\"row-1\">\n\t<th class=\"column-1\"><strong>Normatividad<\/strong><\/th>\n<\/tr>\n<\/thead>\n<tbody class=\"row-striping row-hover\">\n<tr class=\"row-2\">\n\t<td class=\"column-1\"><div class='w3eden'><!-- WPDM Link Template: Default Template -->\n\n<div class=\"link-template-default card mb-2\">\n    <div class=\"card-body\">\n        <div class=\"media\">\n            <div class=\"mr-3 img-48\"><img decoding=\"async\" class=\"wpdm_icon\" alt=\"Icono\"   src=\"https:\/\/periodico.hidalgo.gob.mx\/wp-content\/plugins\/download-manager\/assets\/file-type-icons\/pdf.svg\" \/><\/div>\n            <div class=\"media-body\">\n                <h3 class=\"package-title\"><a href='https:\/\/periodico.hidalgo.gob.mx\/?wpdmpro=constitucion-politica-del-estado-de-hidalgo'>Constituci\u00f3n Pol\u00edtica del Estado de Hidalgo<\/a><\/h3>\n                <div class=\"text-muted text-small\"><i class=\"fas fa-copy\"><\/i> 1 archivo(s) <i class=\"fas fa-hdd ml-3\"><\/i> 0.00 KB<\/div>\n            <\/div>\n            <div class=\"ml-3\">\n                <a class='wpdm-download-link download-on-click btn btn-danger ' rel='nofollow' href='#' data-downloadurl=\"https:\/\/periodico.hidalgo.gob.mx\/?wpdmpro=constitucion-politica-del-estado-de-hidalgo&wpdmdl=144195&refresh=69e0ffa6392071776353190\">Descargar<\/a>\n            <\/div>\n        <\/div>\n    <\/div>\n<\/div>\n\n<\/div><\/td>\n<\/tr>\n<tr class=\"row-3\">\n\t<td class=\"column-1\"><div class='w3eden'><!-- WPDM Link Template: Default Template -->\n\n<div class=\"link-template-default card mb-2\">\n    <div class=\"card-body\">\n        <div class=\"media\">\n            <div class=\"mr-3 img-48\"><img decoding=\"async\" class=\"wpdm_icon\" alt=\"Icono\"   src=\"https:\/\/periodico.hidalgo.gob.mx\/wp-content\/plugins\/download-manager\/assets\/file-type-icons\/pdf.svg\" \/><\/div>\n            <div class=\"media-body\">\n                <h3 class=\"package-title\"><a href='https:\/\/periodico.hidalgo.gob.mx\/?wpdmpro=plan-estatal-de-desarrollo-2022-2028'>Plan Estatal de Desarrollo 2022 &#8211; 2028<\/a><\/h3>\n                <div class=\"text-muted text-small\"><i class=\"fas fa-copy\"><\/i> 1 archivo(s) <i class=\"fas fa-hdd ml-3\"><\/i> 14.63 MB<\/div>\n            <\/div>\n            <div class=\"ml-3\">\n                <a class='wpdm-download-link download-on-click btn btn-danger ' rel='nofollow' href='#' data-downloadurl=\"https:\/\/periodico.hidalgo.gob.mx\/?wpdmpro=plan-estatal-de-desarrollo-2022-2028&wpdmdl=144201&refresh=69e0ffa66f3c91776353190\">Descargar<\/a>\n            <\/div>\n        <\/div>\n    <\/div>\n<\/div>\n\n<\/div><\/td>\n<\/tr>\n<tr class=\"row-4\">\n\t<td class=\"column-1\"><div class='w3eden'><!-- WPDM Link Template: Default Template -->\n\n<div class=\"link-template-default card mb-2\">\n    <div class=\"card-body\">\n        <div class=\"media\">\n            <div class=\"mr-3 img-48\"><img decoding=\"async\" class=\"wpdm_icon\" alt=\"Icono\"   src=\"https:\/\/periodico.hidalgo.gob.mx\/wp-content\/plugins\/download-manager\/assets\/file-type-icons\/pdf.svg\" \/><\/div>\n            <div class=\"media-body\">\n                <h3 class=\"package-title\"><a href='https:\/\/periodico.hidalgo.gob.mx\/?wpdmpro=ley-organica-de-la-administracion-publica-para-el-estado-de-hidalgo'>Ley Org\u00e1nica de la Administraci\u00f3n P\u00fablica para el Estado de Hidalgo<\/a><\/h3>\n                <div class=\"text-muted text-small\"><i class=\"fas fa-copy\"><\/i> 1 archivo(s) <i class=\"fas fa-hdd ml-3\"><\/i> 1.27 MB<\/div>\n            <\/div>\n            <div class=\"ml-3\">\n                <a class='wpdm-download-link download-on-click btn btn-danger ' rel='nofollow' href='#' data-downloadurl=\"https:\/\/periodico.hidalgo.gob.mx\/?wpdmpro=ley-organica-de-la-administracion-publica-para-el-estado-de-hidalgo&wpdmdl=144203&refresh=69e0ffa67af391776353190\">Descargar<\/a>\n            <\/div>\n        <\/div>\n    <\/div>\n<\/div>\n\n<\/div><\/td>\n<\/tr>\n<tr class=\"row-5\">\n\t<td class=\"column-1\"><div class='w3eden'><!-- WPDM Link Template: Default Template -->\n\n<div class=\"link-template-default card mb-2\">\n    <div class=\"card-body\">\n        <div class=\"media\">\n            <div class=\"mr-3 img-48\"><img decoding=\"async\" class=\"wpdm_icon\" alt=\"Icono\"   src=\"https:\/\/periodico.hidalgo.gob.mx\/wp-content\/plugins\/download-manager\/assets\/file-type-icons\/pdf.svg\" \/><\/div>\n            <div class=\"media-body\">\n                <h3 class=\"package-title\"><a href='https:\/\/periodico.hidalgo.gob.mx\/?wpdmpro=ley-estatal-de-procedimiento-administrativo'>Ley Estatal de Procedimiento Administrativo<\/a><\/h3>\n                <div class=\"text-muted text-small\"><i class=\"fas fa-copy\"><\/i> 1 archivo(s) <i class=\"fas fa-hdd ml-3\"><\/i> 0.00 KB<\/div>\n            <\/div>\n            <div class=\"ml-3\">\n                <a class='wpdm-download-link download-on-click btn btn-danger ' rel='nofollow' href='#' data-downloadurl=\"https:\/\/periodico.hidalgo.gob.mx\/?wpdmpro=ley-estatal-de-procedimiento-administrativo&wpdmdl=144206&refresh=69e0ffa6865fe1776353190\">Descargar<\/a>\n            <\/div>\n        <\/div>\n    <\/div>\n<\/div>\n\n<\/div><\/td>\n<\/tr>\n<\/tbody>\n<\/table>\n<!-- #tablepress-70 from cache -->\n","protected":false},"excerpt":{"rendered":"<p>Compilaci\u00f3n general del Poder Ejecutivo<\/p>\n","protected":false},"author":1,"featured_media":0,"parent":0,"menu_order":0,"comment_status":"closed","ping_status":"closed","template":"","meta":{"footnotes":""},"class_list":["post-144186","page","type-page","status-publish","hentry"],"_links":{"self":[{"href":"https:\/\/periodico.hidalgo.gob.mx\/index.php?rest_route=\/wp\/v2\/pages\/144186","targetHints":{"allow":["GET"]}}],"collection":[{"href":"https:\/\/periodico.hidalgo.gob.mx\/index.php?rest_route=\/wp\/v2\/pages"}],"about":[{"href":"https:\/\/periodico.hidalgo.gob.mx\/index.php?rest_route=\/wp\/v2\/types\/page"}],"author":[{"embeddable":true,"href":"https:\/\/periodico.hidalgo.gob.mx\/index.php?rest_route=\/wp\/v2\/users\/1"}],"replies":[{"embeddable":true,"href":"https:\/\/periodico.hidalgo.gob.mx\/index.php?rest_route=%2Fwp%2Fv2%2Fcomments&post=144186"}],"version-history":[{"count":0,"href":"https:\/\/periodico.hidalgo.gob.mx\/index.php?rest_route=\/wp\/v2\/pages\/144186\/revisions"}],"wp:attachment":[{"href":"https:\/\/periodico.hidalgo.gob.mx\/index.php?rest_route=%2Fwp%2Fv2%2Fmedia&parent=144186"}],"curies":[{"name":"wp","href":"https:\/\/api.w.org\/{rel}","templated":true}]}}