{"id":144089,"date":"2024-11-05T23:26:57","date_gmt":"2024-11-06T05:26:57","guid":{"rendered":"https:\/\/periodico.hidalgo.gob.mx\/?page_id=144089"},"modified":"2024-11-05T23:26:57","modified_gmt":"2024-11-06T05:26:57","slug":"escudo-del-estado-de-hidalgo","status":"publish","type":"page","link":"https:\/\/periodico.hidalgo.gob.mx\/?page_id=144089","title":{"rendered":"Escudo del Estado de Hidalgo"},"content":{"rendered":"<p><img loading=\"lazy\" decoding=\"async\" class=\" wp-image-144109 aligncenter\" src=\"https:\/\/periodico.hidalgo.gob.mx\/wp-content\/uploads\/Diego-Rivera-diseno-el-escudo-de-Hidalgo-pero-era-parte-de-otra-obra_-te-contamos-su-historia-300x187.jpeg\" alt=\"\" width=\"622\" height=\"388\" srcset=\"https:\/\/periodico.hidalgo.gob.mx\/wp-content\/uploads\/Diego-Rivera-diseno-el-escudo-de-Hidalgo-pero-era-parte-de-otra-obra_-te-contamos-su-historia-300x187.jpeg 300w, https:\/\/periodico.hidalgo.gob.mx\/wp-content\/uploads\/Diego-Rivera-diseno-el-escudo-de-Hidalgo-pero-era-parte-de-otra-obra_-te-contamos-su-historia.jpeg 768w\" sizes=\"auto, (max-width: 622px) 100vw, 622px\" \/><\/p>\n<p>El escudo del Estado de Hidalgo oficial fue dise\u00f1ado por Diego Rivera e ideado por Jos\u00e9 Vasconcelos; fue reconocido como oficial, mediante el decreto 55 del 22 de diciembre de 1979, publicado en el <a href=\"https:\/\/periodico.hidalgo.gob.mx\/?tribe_events=Periodico-Oficial-Ordinario-0-del-24-de-enero-de-1980\" target=\"_blank\" rel=\"noopener\">Peri\u00f3dico Oficial del Estado de Hidalgo, el 24 de enero de 1980<\/a>.<\/p>\n<p>Es hasta el 13 de junio de 2011 que mediante Decreto Gubernamental, el s\u00edmbolo de la entidad, queda sujeto en cuanto a sus caracter\u00edsticas, difusi\u00f3n y uso, as\u00ed como ser\u00e1 objeto de respeto y honores, siendo cuidadas sus caracter\u00edsticas, el dise\u00f1o art\u00edstico y las dimensiones,\u00a0 emitiendo as\u00ed el <a href=\"https:\/\/periodico.hidalgo.gob.mx\/?tribe_events=Periodico-Oficial-Ordinario-0-del-13-de-junio-de-2011\" target=\"_blank\" rel=\"noopener\">Decreto para efectos de Impresi\u00f3n y Difusi\u00f3n del Escudo Oficial del Estado de Hidalgo.<\/a><\/p>\n<p><strong>Historia<\/strong><\/p>\n<p>Fue\u00a0Jos\u00e9 Vasconcelos, el primer\u00a0Secretario de Educaci\u00f3n P\u00fablica\u00a0quien invit\u00f3 a\u00a0Diego Rivera\u00a0a realizar distintos murales en el edificio central de la Secretar\u00eda de Educaci\u00f3n.\u200b Rivera comenz\u00f3 la decoraci\u00f3n del edificio en 1923, finaliz\u00e1ndola en 1928; en estas obras se reflej\u00f3 las ideas de la \u00e9poca, la vida y las costumbres del pueblo mexicano.\u200b La obra mural est\u00e1 plasmada en los muros de los patios Principal y de Ju\u00e1rez del edificio; en el primer piso o segundo nivel, del patio Ju\u00e1rez es donde est\u00e1n las representaciones de los escudos de armas de los\u00a0estados de M\u00e9xico.<sup id=\"cite_ref-5\" class=\"reference separada\"><\/sup> Esta representaci\u00f3n fue durante mucho tiempo usada en varios eventos y ceremonias oficiales del Gobierno del estado de Hidalgo.<\/p>\n<p>El 14 de diciembre de 1979, por el decreto de la\u00a0L Legislatura\u00a0del\u00a0Congreso de Hidalgo, fue reconocido en forma oficial, durante el periodo del\u00a0gobernador de Hidalgo,\u00a0Jorge Rojo Lugo.\u200b El decreto fue publicado en el\u00a0Peri\u00f3dico Oficial del Estado de Hidalgo\u00a0(POEH) el 24 de enero de 1980.\u200b El 3 de junio de 2011 se emiti\u00f3 el Decreto para efectos de impresi\u00f3n y difusi\u00f3n del escudo de Hidalgo, publicado en el POEH el 13 de junio de 2011. El estado de Hidalgo\u00a0carece de una ley que regule el himno y el uso del escudo de Hidalgo el 15 de enero de 2014 se present\u00f3 una iniciativa para crear una ley que regule el uso del escudo.\u200b En 2017 se plane\u00f3 crear la Ley del Himno, el Escudo y la Bandera del Estado de Hidalgo.<\/p>\n<p>&nbsp;<\/p>\n<p><strong>Elementos del escudo<\/strong><\/p>\n<p><em><strong>Campo superior<\/strong><\/em><\/p>\n<p>Al centro una\u00a0monta\u00f1a\u00a0sinople, al centro, esta representa la\u00a0serran\u00eda hidalguense, as\u00ed como la crester\u00eda de sus minas.\u200b Del lado diestro, una\u00a0campana\u00a0de\u00a0bronce\u00a0pendiente de un madero, representando la\u00a0Campana de Dolores.<sup id=\"cite_ref-Escudo_Hidalgo_1-3\" class=\"reference separada\"><\/sup> En la siniestra, un gorro frigio\u00a0de\u00a0gules, adornado con tres ramas de\u00a0laurel, siendo estos s\u00edmbolos de\u00a0libertad\u00a0y la\u00a0victoria, obtenidas con la consumaci\u00f3n de la\u00a0Independencia de M\u00e9xico\u00a0en 1821.<\/p>\n<p><img loading=\"lazy\" decoding=\"async\" class=\"aligncenter size-full wp-image-144111\" src=\"https:\/\/periodico.hidalgo.gob.mx\/wp-content\/uploads\/Campo_superior_del_Escudo_de_Hidalgo.png\" alt=\"\" width=\"881\" height=\"549\" srcset=\"https:\/\/periodico.hidalgo.gob.mx\/wp-content\/uploads\/Campo_superior_del_Escudo_de_Hidalgo.png 881w, https:\/\/periodico.hidalgo.gob.mx\/wp-content\/uploads\/Campo_superior_del_Escudo_de_Hidalgo-300x187.png 300w, https:\/\/periodico.hidalgo.gob.mx\/wp-content\/uploads\/Campo_superior_del_Escudo_de_Hidalgo-768x479.png 768w\" sizes=\"auto, (max-width: 881px) 100vw, 881px\" \/><\/p>\n<p><em><strong>Campo inferior<\/strong><\/em><\/p>\n<p>Se encuentra al centro una\u00a0caja de guerra, s\u00edmbolo de los tres grandes movimientos sociales de\u00a0M\u00e9xico: la\u00a0Independencia, la\u00a0Reforma\u00a0y la\u00a0Revoluci\u00f3n.<sup id=\"cite_ref-Escudo_Hidalgo_1-5\" class=\"reference separada\"><\/sup>\u200b A diestra, centro y siniestra, tres horadaciones en el campo, que simbolizan las\u00a0bocas de mina, que representan la\u00a0miner\u00eda, la principal actividad econ\u00f3mica de Hidalgo.<\/p>\n<p>&nbsp;<\/p>\n<p><img loading=\"lazy\" decoding=\"async\" class=\"aligncenter size-full wp-image-144112\" src=\"https:\/\/periodico.hidalgo.gob.mx\/wp-content\/uploads\/Campo_inferior.png\" alt=\"\" width=\"880\" height=\"539\" srcset=\"https:\/\/periodico.hidalgo.gob.mx\/wp-content\/uploads\/Campo_inferior.png 880w, https:\/\/periodico.hidalgo.gob.mx\/wp-content\/uploads\/Campo_inferior-300x184.png 300w, https:\/\/periodico.hidalgo.gob.mx\/wp-content\/uploads\/Campo_inferior-768x470.png 768w\" sizes=\"auto, (max-width: 880px) 100vw, 880px\" \/><\/p>\n<p><em><strong>Elementos exteriores<\/strong><\/em><\/p>\n<p>Del lado diestro, una bandera en color azul que contiene, en el centro, la imagen de la\u00a0<a title=\"Nuestra Se\u00f1ora de Guadalupe (M\u00e9xico)\" href=\"https:\/\/es.wikipedia.org\/wiki\/Nuestra_Se%C3%B1ora_de_Guadalupe_(M%C3%A9xico)\">Virgen de Guadalupe<\/a>,<sup id=\"cite_ref-Escudo_Hidalgo_1-7\" class=\"reference separada\"><a href=\"https:\/\/es.wikipedia.org\/wiki\/Escudo_de_Hidalgo#cite_note-Escudo_Hidalgo-1\">1<\/a><\/sup>\u200b<sup id=\"cite_ref-Impresion_Escudo_Hidalgo_2-8\" class=\"reference separada\"><a href=\"https:\/\/es.wikipedia.org\/wiki\/Escudo_de_Hidalgo#cite_note-Impresion_Escudo_Hidalgo-2\">2<\/a><\/sup>\u200b que simboliza el\u00a0<a title=\"Estandarte de Hidalgo\" href=\"https:\/\/es.wikipedia.org\/wiki\/Estandarte_de_Hidalgo\">Estandarte de Hidalgo<\/a>. Esta imagen fue la que utiliz\u00f3\u00a0<a class=\"mw-redirect\" title=\"Miguel Hidalgo\" href=\"https:\/\/es.wikipedia.org\/wiki\/Miguel_Hidalgo\">Miguel Hidalgo<\/a>\u00a0para iniciar el movimiento de\u00a0<a title=\"Independencia de M\u00e9xico\" href=\"https:\/\/es.wikipedia.org\/wiki\/Independencia_de_M%C3%A9xico\">Independencia de M\u00e9xico<\/a>\u00a0en 1810.<sup id=\"cite_ref-Escudo_Hidalgo_1-8\" class=\"reference separada\"><a href=\"https:\/\/es.wikipedia.org\/wiki\/Escudo_de_Hidalgo#cite_note-Escudo_Hidalgo-1\">1<\/a><\/sup>\u200b<sup id=\"cite_ref-Impresion_Escudo_Hidalgo_2-9\" class=\"reference separada\"><a href=\"https:\/\/es.wikipedia.org\/wiki\/Escudo_de_Hidalgo#cite_note-Impresion_Escudo_Hidalgo-2\">2<\/a><\/sup>\u200b Del lado siniestro, se encontraba la\u00a0<a title=\"Bandera de M\u00e9xico\" href=\"https:\/\/es.wikipedia.org\/wiki\/Bandera_de_M%C3%A9xico\">Bandera de M\u00e9xico<\/a>\u00a0con sus colores y s\u00edmbolos oficiales.<\/p>\n<p>&nbsp;<\/p>\n<p><img loading=\"lazy\" decoding=\"async\" class=\"aligncenter size-full wp-image-144113\" src=\"https:\/\/periodico.hidalgo.gob.mx\/wp-content\/uploads\/Elementos_exteriores.png\" alt=\"\" width=\"882\" height=\"476\" srcset=\"https:\/\/periodico.hidalgo.gob.mx\/wp-content\/uploads\/Elementos_exteriores.png 882w, https:\/\/periodico.hidalgo.gob.mx\/wp-content\/uploads\/Elementos_exteriores-300x162.png 300w, https:\/\/periodico.hidalgo.gob.mx\/wp-content\/uploads\/Elementos_exteriores-768x414.png 768w\" sizes=\"auto, (max-width: 882px) 100vw, 882px\" \/><\/p>\n<p><em><strong>Texto inferior<\/strong><\/em><\/p>\n<p>El texto que se encuentra debajo del escudo es el nombre oficial de la entidad: Estado Libre y Soberano de Hidalgo. Las letras deben pertenecer a la familia tipogr\u00e1fica: Helv\u00e9tica, tipo: bold y color: Pantone 425 c.<\/p>\n<p><img loading=\"lazy\" decoding=\"async\" class=\"aligncenter size-full wp-image-144115\" src=\"https:\/\/periodico.hidalgo.gob.mx\/wp-content\/uploads\/Texto_inferior.png\" alt=\"\" width=\"892\" height=\"547\" srcset=\"https:\/\/periodico.hidalgo.gob.mx\/wp-content\/uploads\/Texto_inferior.png 892w, https:\/\/periodico.hidalgo.gob.mx\/wp-content\/uploads\/Texto_inferior-300x184.png 300w, https:\/\/periodico.hidalgo.gob.mx\/wp-content\/uploads\/Texto_inferior-768x471.png 768w\" sizes=\"auto, (max-width: 892px) 100vw, 892px\" \/><\/p>\n<p>&nbsp;<\/p>\n","protected":false},"excerpt":{"rendered":"<p>El escudo del Estado de Hidalgo oficial fue dise\u00f1ado por Diego Rivera e ideado por Jos\u00e9 Vasconcelos; fue reconocido como oficial, mediante el decreto 55 del 22 de diciembre de [&hellip;]<\/p>\n","protected":false},"author":1,"featured_media":0,"parent":0,"menu_order":0,"comment_status":"closed","ping_status":"closed","template":"","meta":{"footnotes":""},"class_list":["post-144089","page","type-page","status-publish","hentry"],"_links":{"self":[{"href":"https:\/\/periodico.hidalgo.gob.mx\/index.php?rest_route=\/wp\/v2\/pages\/144089","targetHints":{"allow":["GET"]}}],"collection":[{"href":"https:\/\/periodico.hidalgo.gob.mx\/index.php?rest_route=\/wp\/v2\/pages"}],"about":[{"href":"https:\/\/periodico.hidalgo.gob.mx\/index.php?rest_route=\/wp\/v2\/types\/page"}],"author":[{"embeddable":true,"href":"https:\/\/periodico.hidalgo.gob.mx\/index.php?rest_route=\/wp\/v2\/users\/1"}],"replies":[{"embeddable":true,"href":"https:\/\/periodico.hidalgo.gob.mx\/index.php?rest_route=%2Fwp%2Fv2%2Fcomments&post=144089"}],"version-history":[{"count":0,"href":"https:\/\/periodico.hidalgo.gob.mx\/index.php?rest_route=\/wp\/v2\/pages\/144089\/revisions"}],"wp:attachment":[{"href":"https:\/\/periodico.hidalgo.gob.mx\/index.php?rest_route=%2Fwp%2Fv2%2Fmedia&parent=144089"}],"curies":[{"name":"wp","href":"https:\/\/api.w.org\/{rel}","templated":true}]}}