{"id":144075,"date":"2024-11-05T10:34:48","date_gmt":"2024-11-05T16:34:48","guid":{"rendered":"https:\/\/periodico.hidalgo.gob.mx\/?page_id=144075"},"modified":"2024-11-05T10:44:23","modified_gmt":"2024-11-05T16:44:23","slug":"vision-del-poeh","status":"publish","type":"page","link":"https:\/\/periodico.hidalgo.gob.mx\/?page_id=144075","title":{"rendered":"Visi\u00f3n del POEH"},"content":{"rendered":"<p>Nuestra Visi\u00f3n es&#8230;<\/p>\n<p>Asegurar la adecuada divulgaci\u00f3n, condiciones de accesibilidad, inclusi\u00f3n, asequibilidad, adaptabilidad, universalidad, interoperabilidad y simplificaci\u00f3n en su consulta y tr\u00e1mites de publicaci\u00f3n, brindar un servicio de calidad con calidez humana a los usuarios, as\u00ed como garantizar la publicaci\u00f3n donde resulte imposible acceder a su edici\u00f3n electr\u00f3nica.<\/p>\n","protected":false},"excerpt":{"rendered":"<p>Nuestra Visi\u00f3n es&#8230; Asegurar la adecuada divulgaci\u00f3n, condiciones de accesibilidad, inclusi\u00f3n, asequibilidad, adaptabilidad, universalidad, interoperabilidad y simplificaci\u00f3n en su consulta y tr\u00e1mites de publicaci\u00f3n, brindar un servicio de calidad con [&hellip;]<\/p>\n","protected":false},"author":1,"featured_media":0,"parent":0,"menu_order":0,"comment_status":"closed","ping_status":"closed","template":"","meta":{"footnotes":""},"class_list":["post-144075","page","type-page","status-publish","hentry"],"_links":{"self":[{"href":"https:\/\/periodico.hidalgo.gob.mx\/index.php?rest_route=\/wp\/v2\/pages\/144075","targetHints":{"allow":["GET"]}}],"collection":[{"href":"https:\/\/periodico.hidalgo.gob.mx\/index.php?rest_route=\/wp\/v2\/pages"}],"about":[{"href":"https:\/\/periodico.hidalgo.gob.mx\/index.php?rest_route=\/wp\/v2\/types\/page"}],"author":[{"embeddable":true,"href":"https:\/\/periodico.hidalgo.gob.mx\/index.php?rest_route=\/wp\/v2\/users\/1"}],"replies":[{"embeddable":true,"href":"https:\/\/periodico.hidalgo.gob.mx\/index.php?rest_route=%2Fwp%2Fv2%2Fcomments&post=144075"}],"version-history":[{"count":0,"href":"https:\/\/periodico.hidalgo.gob.mx\/index.php?rest_route=\/wp\/v2\/pages\/144075\/revisions"}],"wp:attachment":[{"href":"https:\/\/periodico.hidalgo.gob.mx\/index.php?rest_route=%2Fwp%2Fv2%2Fmedia&parent=144075"}],"curies":[{"name":"wp","href":"https:\/\/api.w.org\/{rel}","templated":true}]}}