{"id":144073,"date":"2024-11-05T10:32:03","date_gmt":"2024-11-05T16:32:03","guid":{"rendered":"https:\/\/periodico.hidalgo.gob.mx\/?page_id=144073"},"modified":"2024-11-05T10:46:16","modified_gmt":"2024-11-05T16:46:16","slug":"mision-del-poeh","status":"publish","type":"page","link":"https:\/\/periodico.hidalgo.gob.mx\/?page_id=144073","title":{"rendered":"Misi\u00f3n del POEH"},"content":{"rendered":"<p>Nuestra Misi\u00f3n es&#8230;<\/p>\n<p>Publicar en el territorio estatal, las Leyes, Decretos, Reglamentos, Acuerdos, Circulares, notificaciones, avisos y dem\u00e1s documentos expedidos por los Poderes del Estado y los \u00d3rganos Constitucionales Aut\u00f3nomos, en sus respectivos \u00e1mbitos de competencia; as\u00ed como las Leyes y Decretos de car\u00e1cter Federal y Municipales, para darles vigencia, validez y efectos legales.<\/p>\n","protected":false},"excerpt":{"rendered":"<p>Nuestra Misi\u00f3n es&#8230; Publicar en el territorio estatal, las Leyes, Decretos, Reglamentos, Acuerdos, Circulares, notificaciones, avisos y dem\u00e1s documentos expedidos por los Poderes del Estado y los \u00d3rganos Constitucionales Aut\u00f3nomos, [&hellip;]<\/p>\n","protected":false},"author":1,"featured_media":0,"parent":0,"menu_order":0,"comment_status":"closed","ping_status":"closed","template":"","meta":{"footnotes":""},"class_list":["post-144073","page","type-page","status-publish","hentry"],"_links":{"self":[{"href":"https:\/\/periodico.hidalgo.gob.mx\/index.php?rest_route=\/wp\/v2\/pages\/144073","targetHints":{"allow":["GET"]}}],"collection":[{"href":"https:\/\/periodico.hidalgo.gob.mx\/index.php?rest_route=\/wp\/v2\/pages"}],"about":[{"href":"https:\/\/periodico.hidalgo.gob.mx\/index.php?rest_route=\/wp\/v2\/types\/page"}],"author":[{"embeddable":true,"href":"https:\/\/periodico.hidalgo.gob.mx\/index.php?rest_route=\/wp\/v2\/users\/1"}],"replies":[{"embeddable":true,"href":"https:\/\/periodico.hidalgo.gob.mx\/index.php?rest_route=%2Fwp%2Fv2%2Fcomments&post=144073"}],"version-history":[{"count":0,"href":"https:\/\/periodico.hidalgo.gob.mx\/index.php?rest_route=\/wp\/v2\/pages\/144073\/revisions"}],"wp:attachment":[{"href":"https:\/\/periodico.hidalgo.gob.mx\/index.php?rest_route=%2Fwp%2Fv2%2Fmedia&parent=144073"}],"curies":[{"name":"wp","href":"https:\/\/api.w.org\/{rel}","templated":true}]}}