{"id":140313,"date":"2023-11-07T21:39:19","date_gmt":"2023-11-08T03:39:19","guid":{"rendered":"https:\/\/periodico.hidalgo.gob.mx\/?page_id=140313"},"modified":"2023-11-07T21:41:24","modified_gmt":"2023-11-08T03:41:24","slug":"plan-municipal-de-desarrollo-2020-2024-copy-copy-3","status":"publish","type":"page","link":"https:\/\/periodico.hidalgo.gob.mx\/?page_id=140313","title":{"rendered":"Plan municipal de desarrollo 2016 &#8211; 2020"},"content":{"rendered":"<hr \/>\n<p style=\"text-align: center;\"><strong><span style=\"font-size: 24px;\">Planes municipales de desarrollo<br \/>\n<\/span><\/strong><\/p>\n<p style=\"text-align: center;\">Administraciones 2016 &#8211; 2020<\/p>\n<hr \/>\n<p style=\"text-align: center;\"><strong><span style=\"color: #ff0000;\">\u00daltima Actualizaci\u00f3n: 01\/enero\/2023<\/span><\/strong><\/p>\n<hr \/>\n\n<table id=\"tablepress-57\" class=\"tablepress tablepress-id-57\">\n<thead>\n<tr class=\"row-1\">\n\t<th class=\"column-1\">Peri\u00f3dico<\/th><th class=\"column-2\">Municipio<\/th><th class=\"column-3\">Documento<\/th><th class=\"column-4\">Link<\/th>\n<\/tr>\n<\/thead>\n<tbody class=\"row-striping row-hover\">\n<tr class=\"row-2\">\n\t<td class=\"column-1\">Peri\u00f3dico Oficial Ordinario 0 del 09 de enero de 2017\t<br \/>\n<\/td><td class=\"column-2\">Pachuca de Soto, Hidalgo<\/td><td class=\"column-3\">Plan municipal de desarrollo de Pachuca de Soto, Hidalgo, 2016-2020.<\/td><td class=\"column-4\"><a href=\"https:\/\/periodico.hidalgo.gob.mx\/?tribe_events=Periodico-Oficial-Ordinario-0-del-09-de-enero-de-2017\"><img loading=\"lazy\" decoding=\"async\" src=\"https:\/\/periodico.hidalgo.gob.mx\/wp-content\/uploads\/2018\/11\/html-300x300.png\" alt=\"\" width=\"55\" height=\"55\" class=\"aligncenter size-medium wp-image-25844\" srcset=\"https:\/\/periodico.hidalgo.gob.mx\/wp-content\/uploads\/2018\/11\/html-300x300.png 300w, https:\/\/periodico.hidalgo.gob.mx\/wp-content\/uploads\/2018\/11\/html-150x150.png 150w, https:\/\/periodico.hidalgo.gob.mx\/wp-content\/uploads\/2018\/11\/html-45x45.png 45w, https:\/\/periodico.hidalgo.gob.mx\/wp-content\/uploads\/2018\/11\/html-85x85.png 85w, https:\/\/periodico.hidalgo.gob.mx\/wp-content\/uploads\/2018\/11\/html-80x80.png 80w, https:\/\/periodico.hidalgo.gob.mx\/wp-content\/uploads\/2018\/11\/html-35x35.png 35w, https:\/\/periodico.hidalgo.gob.mx\/wp-content\/uploads\/2018\/11\/html.png 512w\" sizes=\"auto, (max-width: 55px) 100vw, 55px\" \/><\/a><\/td>\n<\/tr>\n<tr class=\"row-3\">\n\t<td class=\"column-1\">Peri\u00f3dico Oficial Ordinario 0 del 16 de abril de 2018\t<br \/>\n<\/td><td class=\"column-2\">Yahualica, Hidalgo<\/td><td class=\"column-3\">Acta de Cabildo de la Sesi\u00f3n ExtraOrdinaria del 18 de febrero de 2017, donde se aprueba el plan municipal de desarrollo de la Administraci\u00f3n P\u00fablica Municipal, del Peri\u00f3do 2016- 2020, de Yahualica, Hidalgo.<\/td><td class=\"column-4\"><a href=\"https:\/\/periodico.hidalgo.gob.mx\/?tribe_events=Periodico-Oficial-Ordinario-0-del-16-de-abril-de-2018\"><img loading=\"lazy\" decoding=\"async\" src=\"https:\/\/periodico.hidalgo.gob.mx\/wp-content\/uploads\/2018\/11\/html-300x300.png\" alt=\"\" width=\"55\" height=\"55\" class=\"aligncenter size-medium wp-image-25844\" srcset=\"https:\/\/periodico.hidalgo.gob.mx\/wp-content\/uploads\/2018\/11\/html-300x300.png 300w, https:\/\/periodico.hidalgo.gob.mx\/wp-content\/uploads\/2018\/11\/html-150x150.png 150w, https:\/\/periodico.hidalgo.gob.mx\/wp-content\/uploads\/2018\/11\/html-45x45.png 45w, https:\/\/periodico.hidalgo.gob.mx\/wp-content\/uploads\/2018\/11\/html-85x85.png 85w, https:\/\/periodico.hidalgo.gob.mx\/wp-content\/uploads\/2018\/11\/html-80x80.png 80w, https:\/\/periodico.hidalgo.gob.mx\/wp-content\/uploads\/2018\/11\/html-35x35.png 35w, https:\/\/periodico.hidalgo.gob.mx\/wp-content\/uploads\/2018\/11\/html.png 512w\" sizes=\"auto, (max-width: 55px) 100vw, 55px\" \/><\/a><\/td>\n<\/tr>\n<\/tbody>\n<\/table>\n<!-- #tablepress-57 from cache -->\n","protected":false},"excerpt":{"rendered":"<p>Planes municipales de desarrollo Administraciones 2016 &#8211; 2020 \u00daltima Actualizaci\u00f3n: 01\/enero\/2023<\/p>\n","protected":false},"author":1,"featured_media":0,"parent":0,"menu_order":0,"comment_status":"closed","ping_status":"closed","template":"","meta":{"footnotes":""},"class_list":["post-140313","page","type-page","status-publish","hentry"],"_links":{"self":[{"href":"https:\/\/periodico.hidalgo.gob.mx\/index.php?rest_route=\/wp\/v2\/pages\/140313","targetHints":{"allow":["GET"]}}],"collection":[{"href":"https:\/\/periodico.hidalgo.gob.mx\/index.php?rest_route=\/wp\/v2\/pages"}],"about":[{"href":"https:\/\/periodico.hidalgo.gob.mx\/index.php?rest_route=\/wp\/v2\/types\/page"}],"author":[{"embeddable":true,"href":"https:\/\/periodico.hidalgo.gob.mx\/index.php?rest_route=\/wp\/v2\/users\/1"}],"replies":[{"embeddable":true,"href":"https:\/\/periodico.hidalgo.gob.mx\/index.php?rest_route=%2Fwp%2Fv2%2Fcomments&post=140313"}],"version-history":[{"count":0,"href":"https:\/\/periodico.hidalgo.gob.mx\/index.php?rest_route=\/wp\/v2\/pages\/140313\/revisions"}],"wp:attachment":[{"href":"https:\/\/periodico.hidalgo.gob.mx\/index.php?rest_route=%2Fwp%2Fv2%2Fmedia&parent=140313"}],"curies":[{"name":"wp","href":"https:\/\/api.w.org\/{rel}","templated":true}]}}