{"id":136,"date":"2014-09-24T21:55:21","date_gmt":"2014-09-25T02:55:21","guid":{"rendered":"https:\/\/periodico.hidalgo.gob.mx\/?page_id=136"},"modified":"2022-09-09T17:57:47","modified_gmt":"2022-09-09T22:57:47","slug":"ubicacion","status":"publish","type":"page","link":"https:\/\/periodico.hidalgo.gob.mx\/?page_id=136","title":{"rendered":"Ubicaci\u00f3n"},"content":{"rendered":"<div id=\"pl-136\"  class=\"panel-layout\" >\n<div id=\"pg-136-0\"  class=\"panel-grid panel-no-style\" >\n<div id=\"pgc-136-0-0\"  class=\"panel-grid-cell\"  data-weight=\"1\" >\n<div id=\"panel-136-0-0-0\" class=\"so-panel widget widget_sow-editor panel-first-child panel-last-child\" data-index=\"0\" data-style=\"{&quot;background_image_attachment&quot;:false,&quot;background_display&quot;:&quot;tile&quot;,&quot;iw-visible-screen&quot;:&quot;iw-all&quot;,&quot;iw-visible-layout&quot;:&quot;iw-all&quot;,&quot;so_cpt_readonly&quot;:&quot;&quot;,&quot;animation_event&quot;:&quot;enter&quot;,&quot;animation_screen_offset&quot;:&quot;0&quot;,&quot;animation_duration&quot;:&quot;1&quot;,&quot;animation_repeat&quot;:&quot;&quot;,&quot;animation_hide&quot;:true,&quot;animation_disable_mobile&quot;:&quot;&quot;,&quot;animation_state_end&quot;:&quot;visible&quot;,&quot;animation_delay&quot;:&quot;0&quot;,&quot;animation_debounce&quot;:&quot;0.1&quot;}\" >\n<div\n\t\t\t\n\t\t\tclass=\"so-widget-sow-editor so-widget-sow-editor-base\"\n\t\t\t\n\t\t><\/p>\n<div class=\"siteorigin-widget-tinymce textwidget\">\n<p><img loading=\"lazy\" decoding=\"async\" class=\"wp-image-6948 aligncenter\" src=\"https:\/\/periodico.hidalgo.gob.mx\/wp-content\/uploads\/2014\/09\/ubicacion-mapa.jpg\" alt=\"\" width=\"232\" height=\"123\" srcset=\"https:\/\/periodico.hidalgo.gob.mx\/wp-content\/uploads\/2014\/09\/ubicacion-mapa.jpg 660w, https:\/\/periodico.hidalgo.gob.mx\/wp-content\/uploads\/2014\/09\/ubicacion-mapa-300x159.jpg 300w\" sizes=\"auto, (max-width: 232px) 100vw, 232px\" \/><\/p>\n<p>El Peri\u00f3dico Oficial se encuentra en calle Mariano Matamoros No. 517 en la Colonia Centro de Pachuca de Soto Hidalgo,<\/p>\n<p><strong>En transporte p\u00fablico (Tuzobus)\u00a0<\/strong><\/p>\n<p>Bajar en la estaci\u00f3n 26 Ni\u00f1os H\u00e9roes y caminar hacia el sur hacia calle Mariano Matamoros (250 mts aproximadamente)<\/p>\n<p>&nbsp;<\/p>\n<p><strong>Escanea en tu celular e interact\u00faa<\/strong><\/p>\n<p>&nbsp;<\/p>\n<p><img loading=\"lazy\" decoding=\"async\" class=\"size-medium wp-image-135279 aligncenter\" src=\"https:\/\/periodico.hidalgo.gob.mx\/wp-content\/uploads\/mapa-300x300.png\" alt=\"\" width=\"300\" height=\"300\" srcset=\"https:\/\/periodico.hidalgo.gob.mx\/wp-content\/uploads\/mapa-300x300.png 300w, https:\/\/periodico.hidalgo.gob.mx\/wp-content\/uploads\/mapa-1024x1024.png 1024w, https:\/\/periodico.hidalgo.gob.mx\/wp-content\/uploads\/mapa-150x150.png 150w, https:\/\/periodico.hidalgo.gob.mx\/wp-content\/uploads\/mapa-768x768.png 768w, https:\/\/periodico.hidalgo.gob.mx\/wp-content\/uploads\/mapa-1536x1536.png 1536w, https:\/\/periodico.hidalgo.gob.mx\/wp-content\/uploads\/mapa-2048x2048.png 2048w\" sizes=\"auto, (max-width: 300px) 100vw, 300px\" \/><\/p>\n<p><strong>o guia por el mapa interactivo<\/strong><\/p>\n<iframe loading=\"lazy\" src=\"https:\/\/www.google.com\/maps\/embed?pb=!1m18!1m12!1m3!1d616.1202098926167!2d-98.73446779718753!3d20.123273441297012!2m3!1f0!2f0!3f0!3m2!1i1024!2i768!4f13.1!3m3!1m2!1s0x85d109e506a422c1%3A0xf7674f99d47d27ff!2sDirecci%C3%B3n+del+Peri%C3%B3dico+Oficial+del+Estado+de+Hidalgo!5e0!3m2!1ses-419!2smx!4v1497019668629\" width=\"100%\" height=\"450\" frameborder=\"0\" scrolling=\"auto\" ><\/iframe>\n<p>&nbsp;<\/p>\n<\/div>\n<\/div>\n<\/div>\n<\/div>\n<\/div>\n<\/div>\n","protected":false},"excerpt":{"rendered":"<p>El Peri\u00f3dico Oficial se encuentra en calle Mariano Matamoros No. 517 en la Colonia Centro de Pachuca de Soto Hidalgo, En transporte p\u00fablico (Tuzobus)\u00a0 Bajar en la estaci\u00f3n 26 Ni\u00f1os [&hellip;]<\/p>\n","protected":false},"author":1,"featured_media":0,"parent":0,"menu_order":0,"comment_status":"closed","ping_status":"closed","template":"","meta":{"footnotes":""},"class_list":["post-136","page","type-page","status-publish","hentry"],"_links":{"self":[{"href":"https:\/\/periodico.hidalgo.gob.mx\/index.php?rest_route=\/wp\/v2\/pages\/136","targetHints":{"allow":["GET"]}}],"collection":[{"href":"https:\/\/periodico.hidalgo.gob.mx\/index.php?rest_route=\/wp\/v2\/pages"}],"about":[{"href":"https:\/\/periodico.hidalgo.gob.mx\/index.php?rest_route=\/wp\/v2\/types\/page"}],"author":[{"embeddable":true,"href":"https:\/\/periodico.hidalgo.gob.mx\/index.php?rest_route=\/wp\/v2\/users\/1"}],"replies":[{"embeddable":true,"href":"https:\/\/periodico.hidalgo.gob.mx\/index.php?rest_route=%2Fwp%2Fv2%2Fcomments&post=136"}],"version-history":[{"count":0,"href":"https:\/\/periodico.hidalgo.gob.mx\/index.php?rest_route=\/wp\/v2\/pages\/136\/revisions"}],"wp:attachment":[{"href":"https:\/\/periodico.hidalgo.gob.mx\/index.php?rest_route=%2Fwp%2Fv2%2Fmedia&parent=136"}],"curies":[{"name":"wp","href":"https:\/\/api.w.org\/{rel}","templated":true}]}}