{"id":131,"date":"2014-09-24T21:54:22","date_gmt":"2014-09-25T02:54:22","guid":{"rendered":"https:\/\/periodico.hidalgo.gob.mx\/?page_id=131"},"modified":"2026-01-15T12:15:10","modified_gmt":"2026-01-15T18:15:10","slug":"organigrama","status":"publish","type":"page","link":"https:\/\/periodico.hidalgo.gob.mx\/?page_id=131","title":{"rendered":"Directorio de Funcionarios"},"content":{"rendered":"<table style=\"border-collapse: collapse; width: 100%;\">\n<tbody>\n<tr>\n<td style=\"width: 50%;\"><img loading=\"lazy\" decoding=\"async\" class=\"alignnone wp-image-137693\" src=\"https:\/\/periodico.hidalgo.gob.mx\/wp-content\/uploads\/banners-POEH-1-1-300x169.png\" alt=\"\" width=\"385\" height=\"217\" srcset=\"https:\/\/periodico.hidalgo.gob.mx\/wp-content\/uploads\/banners-POEH-1-1-300x169.png 300w, https:\/\/periodico.hidalgo.gob.mx\/wp-content\/uploads\/banners-POEH-1-1.png 650w\" sizes=\"auto, (max-width: 385px) 100vw, 385px\" \/><\/td>\n<td style=\"width: 50%;\"><img loading=\"lazy\" decoding=\"async\" class=\"alignnone wp-image-137694\" src=\"https:\/\/periodico.hidalgo.gob.mx\/wp-content\/uploads\/banners-POEH-2-1-300x169.png\" alt=\"\" width=\"382\" height=\"215\" srcset=\"https:\/\/periodico.hidalgo.gob.mx\/wp-content\/uploads\/banners-POEH-2-1-300x169.png 300w, https:\/\/periodico.hidalgo.gob.mx\/wp-content\/uploads\/banners-POEH-2-1.png 650w\" sizes=\"auto, (max-width: 382px) 100vw, 382px\" \/><\/td>\n<\/tr>\n<\/tbody>\n<\/table>\n<hr \/>\n<h2 style=\"text-align: center;\"><strong>Direcci\u00f3n del Peri\u00f3dico Oficial<\/strong><\/h2>\n<p style=\"text-align: center;\">Atenci\u00f3n al usuario, consulta f\u00edsica de ejemplares, Sitio web, consulta electr\u00f3nica, medios digitales,<\/p>\n<p style=\"text-align: center;\"><span style=\"color: #999999;\">Calle Mariano Matamoros 517, Col. Centro, C.P. 42000, Pachuca de Soto, Hidalgo.<\/span><\/p>\n<p style=\"text-align: center;\"><span style=\"color: #999999;\">Tel\u00e9fono atenci\u00f3n a avisos judiciales y convocatorias.: (771) 688 36 02<\/span><\/p>\n<p style=\"text-align: center;\"><span style=\"color: #999999;\">Tel\u00e9fono atenci\u00f3n en hemeroteca.: (771) 688 36 02<\/span><\/p>\n<p style=\"text-align: center;\"><span style=\"color: #999999;\">Tel\u00e9fono atenci\u00f3n a municipios.: (771) 489 17 54<\/span><\/p>\n<p style=\"text-align: center;\"><span style=\"color: #999999;\">Tel\u00e9fono atenci\u00f3n a dependencias.: (771) 489 17 62<\/span><\/p>\n<p>&nbsp;<\/p>\n<p style=\"text-align: center;\">\n<table id=\"tablepress-1\" class=\"tablepress tablepress-id-1\">\n<thead>\n<tr class=\"row-1\">\n\t<th class=\"column-1\">CARGO<\/th><th class=\"column-2\">NOMBRE<\/th><th class=\"column-3\">CORREO ELECTR\u00d3NICO<\/th><th class=\"column-4\">TEL\u00c9FONO<\/th>\n<\/tr>\n<\/thead>\n<tbody class=\"row-striping row-hover\">\n<tr class=\"row-2\">\n\t<td class=\"column-1\">Director<\/td><td class=\"column-2\">L.I. Gustavo Cordoba Ruiz<\/td><td class=\"column-3\">gustavo.cordoba@hidalgo.gob.mx<\/td><td class=\"column-4\">771 489 17 62<\/td>\n<\/tr>\n<tr class=\"row-3\">\n\t<td class=\"column-1\">Subdirector Jur\u00eddico<\/td><td class=\"column-2\">L.C. Sayd\u00e9 Hern\u00e1ndez P\u00e9rez<\/td><td class=\"column-3\">poficial@hidalgo.gob.mx<\/td><td class=\"column-4\">771 489 17 62<\/td>\n<\/tr>\n<tr class=\"row-4\">\n\t<td class=\"column-1\">Subdirector de Gesti\u00f3n<\/td><td class=\"column-2\">L.S.C. Patricia S\u00e1nchez Marrod\u00e1n<\/td><td class=\"column-3\">patricia.sanchez@hidalgo.gob.mx<\/td><td class=\"column-4\">771 489 17 62<\/td>\n<\/tr>\n<tr class=\"row-5\">\n\t<td class=\"column-1\">Medios digitales<\/td><td class=\"column-2\">Lic.  Manuel Islas Maldonado<\/td><td class=\"column-3\"><\/td><td class=\"column-4\"><\/td>\n<\/tr>\n<tr class=\"row-6\">\n\t<td class=\"column-1\">Edici\u00f3n \/ Cotizaci\u00f3n \/ Cotejo<\/td><td class=\"column-2\">Tec. Rub\u00e9n Ocampo Varela<\/td><td class=\"column-3\">edicion.poficial@hidalgo.gob.mx<\/td><td class=\"column-4\">771 489 17 62<\/td>\n<\/tr>\n<tr class=\"row-7\">\n\t<td class=\"column-1\">Atenci\u00f3n al P\u00fablico (Edictos y convocatorias)<\/td><td class=\"column-2\">Lic. Luis Carlos S\u00e1nchez Marrod\u00e1n<\/td><td class=\"column-3\">juridico.poficial@hidalgo.gob.mx<\/td><td class=\"column-4\">771 688 36 02<\/td>\n<\/tr>\n<tr class=\"row-8\">\n\t<td class=\"column-1\">Atenci\u00f3n al P\u00fablico (Municipios)<\/td><td class=\"column-2\">P.D. Juan Ruiz Ram\u00edrez<\/td><td class=\"column-3\">ventanilla.poficial@hidalgo.gob.mx<\/td><td class=\"column-4\">771 489 17 54<\/td>\n<\/tr>\n<tr class=\"row-9\">\n\t<td class=\"column-1\">Atenci\u00f3n al P\u00fablico (Dependencias)<\/td><td class=\"column-2\">Lic. Jos\u00e9 Manuel Ayala Sandoval<\/td><td class=\"column-3\">digitalizacion.poficial@hidalgo.gob.mx<\/td><td class=\"column-4\">771 489 17 62<\/td>\n<\/tr>\n<tr class=\"row-10\">\n\t<td class=\"column-1\">Atenci\u00f3n al P\u00fablico (Hemeroteca y Archivo Hist\u00f3rico<\/td><td class=\"column-2\">C. Leticia Espinosa Moran<\/td><td class=\"column-3\">hemeroteca.poficial@hidalgo.gob.mx<\/td><td class=\"column-4\">771 688 36 02<\/td>\n<\/tr>\n<tr class=\"row-11\">\n\t<td class=\"column-1\">Captura Historica<\/td><td class=\"column-2\">C. Abigail Hern\u00e1ndez Romo<\/td><td class=\"column-3\"><\/td><td class=\"column-4\"><\/td>\n<\/tr>\n<tr class=\"row-12\">\n\t<td class=\"column-1\">Estad\u00edstica<\/td><td class=\"column-2\">Tec. Rosa Isela Flores Roiz<\/td><td class=\"column-3\">estadistica.poficial@hidalgo.gob.mx<\/td><td class=\"column-4\"><\/td>\n<\/tr>\n<tr class=\"row-13\">\n\t<td class=\"column-1\">Control de pagos<\/td><td class=\"column-2\">L.A.E. Claudia Andrea L\u00f3pez Guerra<\/td><td class=\"column-3\"><\/td><td class=\"column-4\"><\/td>\n<\/tr>\n<tr class=\"row-14\">\n\t<td class=\"column-1\">Administrativo<\/td><td class=\"column-2\">L.C. Juan Carlos Corella<\/td><td class=\"column-3\"><\/td><td class=\"column-4\"><\/td>\n<\/tr>\n<\/tbody>\n<\/table>\n<!-- #tablepress-1 from cache -->\n","protected":false},"excerpt":{"rendered":"<p>Direcci\u00f3n del Peri\u00f3dico Oficial Atenci\u00f3n al usuario, consulta f\u00edsica de ejemplares, Sitio web, consulta electr\u00f3nica, medios digitales, Calle Mariano Matamoros 517, Col. Centro, C.P. 42000, Pachuca de Soto, Hidalgo. Tel\u00e9fono [&hellip;]<\/p>\n","protected":false},"author":1,"featured_media":0,"parent":0,"menu_order":0,"comment_status":"closed","ping_status":"closed","template":"","meta":{"footnotes":""},"class_list":["post-131","page","type-page","status-publish","hentry"],"_links":{"self":[{"href":"https:\/\/periodico.hidalgo.gob.mx\/index.php?rest_route=\/wp\/v2\/pages\/131","targetHints":{"allow":["GET"]}}],"collection":[{"href":"https:\/\/periodico.hidalgo.gob.mx\/index.php?rest_route=\/wp\/v2\/pages"}],"about":[{"href":"https:\/\/periodico.hidalgo.gob.mx\/index.php?rest_route=\/wp\/v2\/types\/page"}],"author":[{"embeddable":true,"href":"https:\/\/periodico.hidalgo.gob.mx\/index.php?rest_route=\/wp\/v2\/users\/1"}],"replies":[{"embeddable":true,"href":"https:\/\/periodico.hidalgo.gob.mx\/index.php?rest_route=%2Fwp%2Fv2%2Fcomments&post=131"}],"version-history":[{"count":3,"href":"https:\/\/periodico.hidalgo.gob.mx\/index.php?rest_route=\/wp\/v2\/pages\/131\/revisions"}],"predecessor-version":[{"id":149494,"href":"https:\/\/periodico.hidalgo.gob.mx\/index.php?rest_route=\/wp\/v2\/pages\/131\/revisions\/149494"}],"wp:attachment":[{"href":"https:\/\/periodico.hidalgo.gob.mx\/index.php?rest_route=%2Fwp%2Fv2%2Fmedia&parent=131"}],"curies":[{"name":"wp","href":"https:\/\/api.w.org\/{rel}","templated":true}]}}