{"id":128555,"date":"2022-04-07T11:38:36","date_gmt":"2022-04-07T16:38:36","guid":{"rendered":"https:\/\/periodico.hidalgo.gob.mx\/?page_id=128555"},"modified":"2023-03-07T14:20:38","modified_gmt":"2023-03-07T20:20:38","slug":"plan-municipal-de-desarrollo-2020-2024-copy-copy-2-copy-copy","status":"publish","type":"page","link":"https:\/\/periodico.hidalgo.gob.mx\/?page_id=128555","title":{"rendered":"Creaci\u00f3n de organismos y dependencias"},"content":{"rendered":"<hr \/>\n<p style=\"text-align: center;\"><strong><span style=\"font-size: 24px;\">Creaci\u00f3n de organismos y dependencias<br \/>\n<\/span><\/strong><\/p>\n<hr \/>\n<p style=\"text-align: center;\"><strong><span style=\"color: #ff0000;\">\u00daltima Actualizaci\u00f3n: 06\/marzo\/2023<\/span><\/strong><\/p>\n<hr \/>\n\n<table id=\"tablepress-49\" class=\"tablepress tablepress-id-49\">\n<thead>\n<tr class=\"row-1\">\n\t<th class=\"column-1\">Organismo \/ dependencia<\/th><th class=\"column-2\">Descripci\u00f3n<\/th><th class=\"column-3\">A\u00f1o<\/th><th class=\"column-4\">Link<\/th>\n<\/tr>\n<\/thead>\n<tbody class=\"row-striping row-hover\">\n<tr class=\"row-2\">\n\t<td class=\"column-1\">Direcci\u00f3n General para la Inclusi\u00f3n de las Personas con Discapacidad<\/td><td class=\"column-2\">Poder Ejecutivo.- Decreto Gubernamental por el que se adicionan diversas disposiciones al Reglamento Interior de la Secretar\u00eda de Desarrollo Social.<\/td><td class=\"column-3\">2023<\/td><td class=\"column-4\"><a href=\"https:\/\/periodico.hidalgo.gob.mx\/?tribe_events=Periodico-Oficial-Ordinario-0-del-06-de-marzo-de-2023\"><img loading=\"lazy\" decoding=\"async\" src=\"https:\/\/periodico.hidalgo.gob.mx\/wp-content\/uploads\/2018\/11\/html-300x300.png\" alt=\"\" width=\"55\" height=\"55\" class=\"aligncenter size-medium wp-image-25844\" srcset=\"https:\/\/periodico.hidalgo.gob.mx\/wp-content\/uploads\/2018\/11\/html-300x300.png 300w, https:\/\/periodico.hidalgo.gob.mx\/wp-content\/uploads\/2018\/11\/html-150x150.png 150w, https:\/\/periodico.hidalgo.gob.mx\/wp-content\/uploads\/2018\/11\/html-45x45.png 45w, https:\/\/periodico.hidalgo.gob.mx\/wp-content\/uploads\/2018\/11\/html-85x85.png 85w, https:\/\/periodico.hidalgo.gob.mx\/wp-content\/uploads\/2018\/11\/html-80x80.png 80w, https:\/\/periodico.hidalgo.gob.mx\/wp-content\/uploads\/2018\/11\/html-35x35.png 35w, https:\/\/periodico.hidalgo.gob.mx\/wp-content\/uploads\/2018\/11\/html.png 512w\" sizes=\"auto, (max-width: 55px) 100vw, 55px\" \/><\/a><\/td>\n<\/tr>\n<tr class=\"row-3\">\n\t<td class=\"column-1\">Instituto Hidalguense para Devolver al Pueblo lo Robado<\/td><td class=\"column-2\">Poder Ejecutivo. - Decreto N\u00famero 333 que expide la Ley para la Administraci\u00f3n y Destino de Bienes Asegurados, Abandonados, Decomisados y Extinci\u00f3n de Dominio del Estado de Hidalgo y que adiciona diversas disposiciones de la Ley Org\u00e1nica de la Administraci\u00f3n P\u00fablica para el Estado de Hidalgo.<\/td><td class=\"column-3\">2022<\/td><td class=\"column-4\"><a href=\"https:\/\/periodico.hidalgo.gob.mx\/?tribe_events=Periodico-Oficial-Alcance-1-del-21-de-diciembre-de-2022\"><img loading=\"lazy\" decoding=\"async\" src=\"https:\/\/periodico.hidalgo.gob.mx\/wp-content\/uploads\/2018\/11\/html-300x300.png\" alt=\"\" width=\"55\" height=\"55\" class=\"aligncenter size-medium wp-image-25844\" srcset=\"https:\/\/periodico.hidalgo.gob.mx\/wp-content\/uploads\/2018\/11\/html-300x300.png 300w, https:\/\/periodico.hidalgo.gob.mx\/wp-content\/uploads\/2018\/11\/html-150x150.png 150w, https:\/\/periodico.hidalgo.gob.mx\/wp-content\/uploads\/2018\/11\/html-45x45.png 45w, https:\/\/periodico.hidalgo.gob.mx\/wp-content\/uploads\/2018\/11\/html-85x85.png 85w, https:\/\/periodico.hidalgo.gob.mx\/wp-content\/uploads\/2018\/11\/html-80x80.png 80w, https:\/\/periodico.hidalgo.gob.mx\/wp-content\/uploads\/2018\/11\/html-35x35.png 35w, https:\/\/periodico.hidalgo.gob.mx\/wp-content\/uploads\/2018\/11\/html.png 512w\" sizes=\"auto, (max-width: 55px) 100vw, 55px\" \/><\/a><\/td>\n<\/tr>\n<tr class=\"row-4\">\n\t<td class=\"column-1\">Sistema Integrado de Transporte Masivo de Hidalgo.<\/td><td class=\"column-2\">Decreto Gubernamental.- Que crea el Sistema Integrado de Transporte Masivo de Hidalgo.<\/td><td class=\"column-3\">2013<\/td><td class=\"column-4\"><a href=\"https:\/\/periodico.hidalgo.gob.mx\/?tribe_events=Periodico-Oficial-Alcance-1-del-31-de-julio-de-2013\"><img loading=\"lazy\" decoding=\"async\" src=\"https:\/\/periodico.hidalgo.gob.mx\/wp-content\/uploads\/2018\/11\/html-300x300.png\" alt=\"\" width=\"55\" height=\"55\" class=\"aligncenter size-medium wp-image-25844\" srcset=\"https:\/\/periodico.hidalgo.gob.mx\/wp-content\/uploads\/2018\/11\/html-300x300.png 300w, https:\/\/periodico.hidalgo.gob.mx\/wp-content\/uploads\/2018\/11\/html-150x150.png 150w, https:\/\/periodico.hidalgo.gob.mx\/wp-content\/uploads\/2018\/11\/html-45x45.png 45w, https:\/\/periodico.hidalgo.gob.mx\/wp-content\/uploads\/2018\/11\/html-85x85.png 85w, https:\/\/periodico.hidalgo.gob.mx\/wp-content\/uploads\/2018\/11\/html-80x80.png 80w, https:\/\/periodico.hidalgo.gob.mx\/wp-content\/uploads\/2018\/11\/html-35x35.png 35w, https:\/\/periodico.hidalgo.gob.mx\/wp-content\/uploads\/2018\/11\/html.png 512w\" sizes=\"auto, (max-width: 55px) 100vw, 55px\" \/><\/a><\/td>\n<\/tr>\n<tr class=\"row-5\">\n\t<td class=\"column-1\">AGENCIA ESPECIALIZADA PARA LA INVESTIGACI\u00d3N Y<br \/>\nRECUPERACI\u00d3N.DE VEH\u00cdCULOS ROBADOS<\/td><td class=\"column-2\">ACUERDO MEDIANTE EL CUAL SE CREA LA AGENCIA ESPECIALIZADA PARA LA INVESTIGACI\u00d3N Y<br \/>\nRECUPERACI\u00d3N.DE VEH\u00cdCULOS ROBADOS<\/td><td class=\"column-3\">1997<\/td><td class=\"column-4\"><a href=\"https:\/\/periodico.hidalgo.gob.mx\/?tribe_events=periodico-oficial-ordinario-0-del-10-de-marzo-de-1997\"><img loading=\"lazy\" decoding=\"async\" src=\"https:\/\/periodico.hidalgo.gob.mx\/wp-content\/uploads\/2018\/11\/html-300x300.png\" alt=\"\" width=\"55\" height=\"55\" class=\"aligncenter size-medium wp-image-25844\" srcset=\"https:\/\/periodico.hidalgo.gob.mx\/wp-content\/uploads\/2018\/11\/html-300x300.png 300w, https:\/\/periodico.hidalgo.gob.mx\/wp-content\/uploads\/2018\/11\/html-150x150.png 150w, https:\/\/periodico.hidalgo.gob.mx\/wp-content\/uploads\/2018\/11\/html-45x45.png 45w, https:\/\/periodico.hidalgo.gob.mx\/wp-content\/uploads\/2018\/11\/html-85x85.png 85w, https:\/\/periodico.hidalgo.gob.mx\/wp-content\/uploads\/2018\/11\/html-80x80.png 80w, https:\/\/periodico.hidalgo.gob.mx\/wp-content\/uploads\/2018\/11\/html-35x35.png 35w, https:\/\/periodico.hidalgo.gob.mx\/wp-content\/uploads\/2018\/11\/html.png 512w\" sizes=\"auto, (max-width: 55px) 100vw, 55px\" \/><\/a><\/td>\n<\/tr>\n<tr class=\"row-6\">\n\t<td class=\"column-1\">Universidad Tecnol\u00f3gica del Valle del Mezquital<\/td><td class=\"column-2\">Decreto Gubernamental.- Mediante el cual se crea la Universidad Tecnol\u00f3gica del Valle del Mezquital como Organismo P\u00fablico Descentralizado del Gobierno del Estado de Hidalgo, con personalidad jur\u00eddica y patrimonio propios y con domicilio en la Ciudad de Ixmiquilpan, Hgo.<\/td><td class=\"column-3\">1996<\/td><td class=\"column-4\"><a href=\"https:\/\/periodico.hidalgo.gob.mx\/?tribe_events=periodico-oficial-ordinario-0-del-29-de-julio-de-1996\"><img loading=\"lazy\" decoding=\"async\" src=\"https:\/\/periodico.hidalgo.gob.mx\/wp-content\/uploads\/2018\/11\/html-300x300.png\" alt=\"\" width=\"55\" height=\"55\" class=\"aligncenter size-medium wp-image-25844\" srcset=\"https:\/\/periodico.hidalgo.gob.mx\/wp-content\/uploads\/2018\/11\/html-300x300.png 300w, https:\/\/periodico.hidalgo.gob.mx\/wp-content\/uploads\/2018\/11\/html-150x150.png 150w, https:\/\/periodico.hidalgo.gob.mx\/wp-content\/uploads\/2018\/11\/html-45x45.png 45w, https:\/\/periodico.hidalgo.gob.mx\/wp-content\/uploads\/2018\/11\/html-85x85.png 85w, https:\/\/periodico.hidalgo.gob.mx\/wp-content\/uploads\/2018\/11\/html-80x80.png 80w, https:\/\/periodico.hidalgo.gob.mx\/wp-content\/uploads\/2018\/11\/html-35x35.png 35w, https:\/\/periodico.hidalgo.gob.mx\/wp-content\/uploads\/2018\/11\/html.png 512w\" sizes=\"auto, (max-width: 55px) 100vw, 55px\" \/><\/a><\/td>\n<\/tr>\n<tr class=\"row-7\">\n\t<td class=\"column-1\">Servicios de Salud de Hidalgo<\/td><td class=\"column-2\">Decreto Gubernamental.- Por el que se crea el Organismo P\u00fablico Descentralizado denominado Servicios de Salud de Hidalgo.<\/td><td class=\"column-3\">1996<\/td><td class=\"column-4\"><a href=\"https:\/\/periodico.hidalgo.gob.mx\/?tribe_events=periodico-oficial-bis-0-del-18-de-noviembre-de-1996\"><img loading=\"lazy\" decoding=\"async\" src=\"https:\/\/periodico.hidalgo.gob.mx\/wp-content\/uploads\/2018\/11\/html-300x300.png\" alt=\"\" width=\"55\" height=\"55\" class=\"aligncenter size-medium wp-image-25844\" srcset=\"https:\/\/periodico.hidalgo.gob.mx\/wp-content\/uploads\/2018\/11\/html-300x300.png 300w, https:\/\/periodico.hidalgo.gob.mx\/wp-content\/uploads\/2018\/11\/html-150x150.png 150w, https:\/\/periodico.hidalgo.gob.mx\/wp-content\/uploads\/2018\/11\/html-45x45.png 45w, https:\/\/periodico.hidalgo.gob.mx\/wp-content\/uploads\/2018\/11\/html-85x85.png 85w, https:\/\/periodico.hidalgo.gob.mx\/wp-content\/uploads\/2018\/11\/html-80x80.png 80w, https:\/\/periodico.hidalgo.gob.mx\/wp-content\/uploads\/2018\/11\/html-35x35.png 35w, https:\/\/periodico.hidalgo.gob.mx\/wp-content\/uploads\/2018\/11\/html.png 512w\" sizes=\"auto, (max-width: 55px) 100vw, 55px\" \/><\/a><\/td>\n<\/tr>\n<tr class=\"row-8\">\n\t<td class=\"column-1\">SISTEMA ESTATAL PARA EL desarrollo integral DE LA FAMILIA DE Hidalgo<\/td><td class=\"column-2\">Decreto No. 137.- Que crea el organismo p\u00fablico descentralizado denominado SISTEMA ESTATAL PARA EL desarrollo integral DE LA FAMILIA DE Hidalgo.<\/td><td class=\"column-3\">1983<\/td><td class=\"column-4\"><a href=\"https:\/\/periodico.hidalgo.gob.mx\/?tribe_events=Periodico-Oficial-Ordinario-0-del-03-de-diciembre-de-1983\"><img loading=\"lazy\" decoding=\"async\" src=\"https:\/\/periodico.hidalgo.gob.mx\/wp-content\/uploads\/2018\/11\/html-300x300.png\" alt=\"\" width=\"55\" height=\"55\" class=\"aligncenter size-medium wp-image-25844\" srcset=\"https:\/\/periodico.hidalgo.gob.mx\/wp-content\/uploads\/2018\/11\/html-300x300.png 300w, https:\/\/periodico.hidalgo.gob.mx\/wp-content\/uploads\/2018\/11\/html-150x150.png 150w, https:\/\/periodico.hidalgo.gob.mx\/wp-content\/uploads\/2018\/11\/html-45x45.png 45w, https:\/\/periodico.hidalgo.gob.mx\/wp-content\/uploads\/2018\/11\/html-85x85.png 85w, https:\/\/periodico.hidalgo.gob.mx\/wp-content\/uploads\/2018\/11\/html-80x80.png 80w, https:\/\/periodico.hidalgo.gob.mx\/wp-content\/uploads\/2018\/11\/html-35x35.png 35w, https:\/\/periodico.hidalgo.gob.mx\/wp-content\/uploads\/2018\/11\/html.png 512w\" sizes=\"auto, (max-width: 55px) 100vw, 55px\" \/><\/a><\/td>\n<\/tr>\n<tr class=\"row-9\">\n\t<td class=\"column-1\">CONSTRUCTORA DEL ESTADO DE HIDALGO<\/td><td class=\"column-2\">DECRETO No. 66.- Que crea un organismo p\u00fablico descentralizado que se denominar\u00e1 \u201cCONSTRUCTORA DEL ESTADO DE HIDALGO\u201d, con personalidad jur\u00eddica y patrimonio propio.<\/td><td class=\"column-3\">1982<\/td><td class=\"column-4\"><a href=\"https:\/\/periodico.hidalgo.gob.mx\/?tribe_events=periodico-oficial-ordinario-0-del-16-de-noviembre-de-1982\"><img loading=\"lazy\" decoding=\"async\" src=\"https:\/\/periodico.hidalgo.gob.mx\/wp-content\/uploads\/2018\/11\/html-300x300.png\" alt=\"\" width=\"55\" height=\"55\" class=\"aligncenter size-medium wp-image-25844\" srcset=\"https:\/\/periodico.hidalgo.gob.mx\/wp-content\/uploads\/2018\/11\/html-300x300.png 300w, https:\/\/periodico.hidalgo.gob.mx\/wp-content\/uploads\/2018\/11\/html-150x150.png 150w, https:\/\/periodico.hidalgo.gob.mx\/wp-content\/uploads\/2018\/11\/html-45x45.png 45w, https:\/\/periodico.hidalgo.gob.mx\/wp-content\/uploads\/2018\/11\/html-85x85.png 85w, https:\/\/periodico.hidalgo.gob.mx\/wp-content\/uploads\/2018\/11\/html-80x80.png 80w, https:\/\/periodico.hidalgo.gob.mx\/wp-content\/uploads\/2018\/11\/html-35x35.png 35w, https:\/\/periodico.hidalgo.gob.mx\/wp-content\/uploads\/2018\/11\/html.png 512w\" sizes=\"auto, (max-width: 55px) 100vw, 55px\" \/><\/a><\/td>\n<\/tr>\n<tr class=\"row-10\">\n\t<td class=\"column-1\">Canal de Televisi\u00f3n del Gobierno del Estado de Hidalgo<\/td><td class=\"column-2\">DECRETO No. 75.- Que crea el Organismo P\u00fablico Descentralizado denominado \u201cCanal de Televisi\u00f3n del Gobierno del Estado de Hidalgo\u201d.<\/td><td class=\"column-3\">1982<\/td><td class=\"column-4\"><a href=\"https:\/\/periodico.hidalgo.gob.mx\/?tribe_events=periodico-oficial-ordinario-0-del-24-de-noviembre-de-1982\"><img loading=\"lazy\" decoding=\"async\" src=\"https:\/\/periodico.hidalgo.gob.mx\/wp-content\/uploads\/2018\/11\/html-300x300.png\" alt=\"\" width=\"55\" height=\"55\" class=\"aligncenter size-medium wp-image-25844\" srcset=\"https:\/\/periodico.hidalgo.gob.mx\/wp-content\/uploads\/2018\/11\/html-300x300.png 300w, https:\/\/periodico.hidalgo.gob.mx\/wp-content\/uploads\/2018\/11\/html-150x150.png 150w, https:\/\/periodico.hidalgo.gob.mx\/wp-content\/uploads\/2018\/11\/html-45x45.png 45w, https:\/\/periodico.hidalgo.gob.mx\/wp-content\/uploads\/2018\/11\/html-85x85.png 85w, https:\/\/periodico.hidalgo.gob.mx\/wp-content\/uploads\/2018\/11\/html-80x80.png 80w, https:\/\/periodico.hidalgo.gob.mx\/wp-content\/uploads\/2018\/11\/html-35x35.png 35w, https:\/\/periodico.hidalgo.gob.mx\/wp-content\/uploads\/2018\/11\/html.png 512w\" sizes=\"auto, (max-width: 55px) 100vw, 55px\" \/><\/a><\/td>\n<\/tr>\n<tr class=\"row-11\">\n\t<td class=\"column-1\">Junta General de Asistencia en el Estado<\/td><td class=\"column-2\">Decreto No. 18, La Junta General de Asistencia en el Estado como Instituci\u00f3n, formar\u00e1 parte del Sistema para el desarrollo integral de la Familia Hidalgo, por Decreto 49 del H. XLIX Congreso Constitucional del Estado de 24 de mayo de 1977.<\/td><td class=\"column-3\">1979<\/td><td class=\"column-4\"><a href=\"https:\/\/periodico.hidalgo.gob.mx\/?tribe_events=Periodico-Oficial-Ordinario-0-del-08-de-enero-de-1979\"><img loading=\"lazy\" decoding=\"async\" src=\"https:\/\/periodico.hidalgo.gob.mx\/wp-content\/uploads\/2018\/11\/html-300x300.png\" alt=\"\" width=\"55\" height=\"55\" class=\"aligncenter size-medium wp-image-25844\" srcset=\"https:\/\/periodico.hidalgo.gob.mx\/wp-content\/uploads\/2018\/11\/html-300x300.png 300w, https:\/\/periodico.hidalgo.gob.mx\/wp-content\/uploads\/2018\/11\/html-150x150.png 150w, https:\/\/periodico.hidalgo.gob.mx\/wp-content\/uploads\/2018\/11\/html-45x45.png 45w, https:\/\/periodico.hidalgo.gob.mx\/wp-content\/uploads\/2018\/11\/html-85x85.png 85w, https:\/\/periodico.hidalgo.gob.mx\/wp-content\/uploads\/2018\/11\/html-80x80.png 80w, https:\/\/periodico.hidalgo.gob.mx\/wp-content\/uploads\/2018\/11\/html-35x35.png 35w, https:\/\/periodico.hidalgo.gob.mx\/wp-content\/uploads\/2018\/11\/html.png 512w\" sizes=\"auto, (max-width: 55px) 100vw, 55px\" \/><\/a><\/td>\n<\/tr>\n<tr class=\"row-12\">\n\t<td class=\"column-1\">Hospital Infantil del Estado de Hidalgo<\/td><td class=\"column-2\">Decreto No. 75.- El Hospital Infantil del Estado de Hidalgo, se integra como organismo dependiente del Sistema para el desarrollo integral de la Familia Hidalgo, por Decreto No. 49 del H. XLIX Congreso Constitucional del Edo. de 24 de mayo de 1977.<br \/>\n<\/td><td class=\"column-3\">1978<\/td><td class=\"column-4\"><a href=\"https:\/\/periodico.hidalgo.gob.mx\/?tribe_events=Periodico-Oficial-Ordinario-0-del-16-de-febrero-de-1978\"><img loading=\"lazy\" decoding=\"async\" src=\"https:\/\/periodico.hidalgo.gob.mx\/wp-content\/uploads\/2018\/11\/html-300x300.png\" alt=\"\" width=\"55\" height=\"55\" class=\"aligncenter size-medium wp-image-25844\" srcset=\"https:\/\/periodico.hidalgo.gob.mx\/wp-content\/uploads\/2018\/11\/html-300x300.png 300w, https:\/\/periodico.hidalgo.gob.mx\/wp-content\/uploads\/2018\/11\/html-150x150.png 150w, https:\/\/periodico.hidalgo.gob.mx\/wp-content\/uploads\/2018\/11\/html-45x45.png 45w, https:\/\/periodico.hidalgo.gob.mx\/wp-content\/uploads\/2018\/11\/html-85x85.png 85w, https:\/\/periodico.hidalgo.gob.mx\/wp-content\/uploads\/2018\/11\/html-80x80.png 80w, https:\/\/periodico.hidalgo.gob.mx\/wp-content\/uploads\/2018\/11\/html-35x35.png 35w, https:\/\/periodico.hidalgo.gob.mx\/wp-content\/uploads\/2018\/11\/html.png 512w\" sizes=\"auto, (max-width: 55px) 100vw, 55px\" \/><\/a><\/td>\n<\/tr>\n<tr class=\"row-13\">\n\t<td class=\"column-1\">Sistema para el Desarrollo Integral de la Familia Hidalgo<\/td><td class=\"column-2\">Decreto N\u00famero 49 del H. Congreso local, que crea un Organismo P\u00fablico Descentralizado que se denominar\u00e1 Sistema para el Desarrollo Integral de la Familia Hidalgo<\/td><td class=\"column-3\">1977<\/td><td class=\"column-4\"><a href=\"https:\/\/periodico.hidalgo.gob.mx\/?tribe_events=Periodico-Oficial-Ordinario-0-del-16-de-junio-de-1977\"><img loading=\"lazy\" decoding=\"async\" src=\"https:\/\/periodico.hidalgo.gob.mx\/wp-content\/uploads\/2018\/11\/html-300x300.png\" alt=\"\" width=\"55\" height=\"55\" class=\"aligncenter size-medium wp-image-25844\" srcset=\"https:\/\/periodico.hidalgo.gob.mx\/wp-content\/uploads\/2018\/11\/html-300x300.png 300w, https:\/\/periodico.hidalgo.gob.mx\/wp-content\/uploads\/2018\/11\/html-150x150.png 150w, https:\/\/periodico.hidalgo.gob.mx\/wp-content\/uploads\/2018\/11\/html-45x45.png 45w, https:\/\/periodico.hidalgo.gob.mx\/wp-content\/uploads\/2018\/11\/html-85x85.png 85w, https:\/\/periodico.hidalgo.gob.mx\/wp-content\/uploads\/2018\/11\/html-80x80.png 80w, https:\/\/periodico.hidalgo.gob.mx\/wp-content\/uploads\/2018\/11\/html-35x35.png 35w, https:\/\/periodico.hidalgo.gob.mx\/wp-content\/uploads\/2018\/11\/html.png 512w\" sizes=\"auto, (max-width: 55px) 100vw, 55px\" \/><\/a><\/td>\n<\/tr>\n<\/tbody>\n<\/table>\n<!-- #tablepress-49 from cache -->\n","protected":false},"excerpt":{"rendered":"<p>Creaci\u00f3n de organismos y dependencias \u00daltima Actualizaci\u00f3n: 06\/marzo\/2023<\/p>\n","protected":false},"author":1,"featured_media":0,"parent":0,"menu_order":0,"comment_status":"closed","ping_status":"closed","template":"","meta":{"footnotes":""},"class_list":["post-128555","page","type-page","status-publish","hentry"],"_links":{"self":[{"href":"https:\/\/periodico.hidalgo.gob.mx\/index.php?rest_route=\/wp\/v2\/pages\/128555","targetHints":{"allow":["GET"]}}],"collection":[{"href":"https:\/\/periodico.hidalgo.gob.mx\/index.php?rest_route=\/wp\/v2\/pages"}],"about":[{"href":"https:\/\/periodico.hidalgo.gob.mx\/index.php?rest_route=\/wp\/v2\/types\/page"}],"author":[{"embeddable":true,"href":"https:\/\/periodico.hidalgo.gob.mx\/index.php?rest_route=\/wp\/v2\/users\/1"}],"replies":[{"embeddable":true,"href":"https:\/\/periodico.hidalgo.gob.mx\/index.php?rest_route=%2Fwp%2Fv2%2Fcomments&post=128555"}],"version-history":[{"count":0,"href":"https:\/\/periodico.hidalgo.gob.mx\/index.php?rest_route=\/wp\/v2\/pages\/128555\/revisions"}],"wp:attachment":[{"href":"https:\/\/periodico.hidalgo.gob.mx\/index.php?rest_route=%2Fwp%2Fv2%2Fmedia&parent=128555"}],"curies":[{"name":"wp","href":"https:\/\/api.w.org\/{rel}","templated":true}]}}